{"id":90210,"date":"2023-11-07T17:05:00","date_gmt":"2023-11-07T09:05:00","guid":{"rendered":"https:\/\/sndoll.com\/?page_id=90210"},"modified":"2024-10-15T14:31:44","modified_gmt":"2024-10-15T06:31:44","slug":"terms-of-service","status":"publish","type":"page","link":"https:\/\/sndoll.com\/sl\/terms-of-service\/","title":{"rendered":"Pogoji storitve"},"content":{"rendered":"<div data-elementor-type=\"wp-page\" data-elementor-id=\"90210\" class=\"elementor elementor-90210\" data-elementor-post-type=\"page\">\n\t\t\t\t\t\t\t\t\t<section class=\"elementor-section elementor-top-section elementor-element elementor-element-f7da93a elementor-section-boxed elementor-section-height-default elementor-section-height-default\" data-id=\"f7da93a\" data-element_type=\"section\">\n\t\t\t\t\t\t<div class=\"elementor-container elementor-column-gap-default\">\n\t\t\t\t\t<div class=\"elementor-column elementor-col-100 elementor-top-column elementor-element elementor-element-3731162\" data-id=\"3731162\" data-element_type=\"column\">\n\t\t\t<div class=\"elementor-widget-wrap elementor-element-populated\">\n\t\t\t\t\t\t\t\t<div class=\"elementor-element elementor-element-5eed7b3 elementor-widget elementor-widget-text-editor\" data-id=\"5eed7b3\" data-element_type=\"widget\" data-widget_type=\"text-editor.default\">\n\t\t\t\t<div class=\"elementor-widget-container\">\n\t\t\t<style>\/*! elementor - v3.16.0 - 13-09-2023 *\/\n.elementor-widget-text-editor.elementor-drop-cap-view-stacked .elementor-drop-cap{background-color:#69727d;color:#fff}.elementor-widget-text-editor.elementor-drop-cap-view-framed .elementor-drop-cap{color:#69727d;border:3px solid;background-color:transparent}.elementor-widget-text-editor:not(.elementor-drop-cap-view-default) .elementor-drop-cap{margin-top:8px}.elementor-widget-text-editor:not(.elementor-drop-cap-view-default) .elementor-drop-cap-letter{width:1em;height:1em}.elementor-widget-text-editor .elementor-drop-cap{float:left;text-align:center;line-height:1;font-size:50px}.elementor-widget-text-editor .elementor-drop-cap-letter{display:inline-block}<\/style>\t\t\t\t<p>To spletno stran upravlja SnDoll. Na celotnem spletnem mestu se izrazi \u00bbmi\u00ab, \u00bbnas\u00ab in \u00bbna\u0161\u00ab nana\u0161ajo na SnDoll. SnDoll ponuja to spletno mesto, vklju\u010dno z vsemi informacijami, orodji in storitvami, ki so s tega mesta na voljo vam, uporabniku, pod pogojem, da sprejmete vse pogoje, pravila in obvestila, navedena tukaj.<\/p><p>\u010ce obi\u0161\u010dete na\u0161e spletno mesto in\/ali nekaj kupite pri nas, sodelujete v na\u0161i \u00bbstoritvi\u00ab in se strinjate, da vas zavezujejo naslednji pogoji (\u00bbpogoji storitve\u00ab, \u00bbpogoji\u00ab), vklju\u010dno s temi dodatnimi pogoji in dolo\u010dili ter pravilniki na katere se sklicuje tukaj in\/ali na voljo prek hiperpovezave. Ti pogoji storitve veljajo za vse uporabnike spletnega mesta, vklju\u010dno brez omejitev z uporabniki, ki so brskalniki, prodajalci, kupci, trgovci in\/ali avtorji vsebine.<\/p><p>Prosimo, da pred dostopom ali uporabo na\u0161ega spletnega mesta natan\u010dno preberete te pogoje storitve. Z dostopom ali uporabo katerega koli dela spletnega mesta se strinjate, da vas zavezujejo ti pogoji storitve. \u010ce se ne strinjate z vsemi dolo\u010dili in pogoji te pogodbe, ne smete dostopati do spletne strani ali uporabljati nobene storitve. \u010ce se ti pogoji storitve \u0161tejejo za ponudbo, je sprejem izrecno omejen na te pogoje storitve.<\/p><p>Za vse nove funkcije ali orodja, ki so dodana trenutni trgovini, veljajo tudi pogoji storitve. Na tej strani si lahko kadar koli ogledate najnovej\u0161o razli\u010dico pogojev storitve. Pridr\u017eujemo si pravico do posodobitve, spremembe ali zamenjave katerega koli dela teh pogojev storitve z objavo posodobitev in\/ali sprememb na na\u0161i spletni strani. Va\u0161a odgovornost je, da redno preverjate to stran glede sprememb. Va\u0161a nadaljnja uporaba ali dostop do spletnega mesta po objavi kakr\u0161nih koli sprememb pomeni sprejemanje teh sprememb.<\/p><p>\u2013 POGOJI SPLETNE TRGOVINE<\/p><p>\u010ce se strinjate s temi pogoji storitve, izjavljate, da ste vsaj polnoletni v svoji dr\u017eavi ali provinci stalnega prebivali\u0161\u010da ali da ste polnoletni v svoji dr\u017eavi ali dr\u017eavi stalnega prebivali\u0161\u010da in ste nam dali soglasje, da dovolite vsem svojim mladoletnim vzdr\u017eevanim osebam uporabo te strani.<\/p><p>Na\u0161ih izdelkov ne smete uporabljati za kakr\u0161ne koli nezakonite ali nepoobla\u0161\u010dene namene, niti ne smete z uporabo storitve kr\u0161iti nobenih zakonov v va\u0161i pristojnosti (vklju\u010dno z, vendar ne omejeno na, zakone o avtorskih pravicah).<\/p><p>Ne smete prena\u0161ati nobenih \u010drvov ali virusov ali katere koli kode uni\u010dujo\u010de narave.<\/p><p>Kr\u0161itev katerega koli od pogojev ima za posledico takoj\u0161njo prekinitev va\u0161ih storitev.<\/p><p>\u2013 SPLO\u0160NI POGOJI<\/p><p>Pridr\u017eujemo si pravico, da zavrnemo storitev komur koli iz kakr\u0161nega koli razloga in kadar koli.<\/p><p>Izvedli bomo identifikacijsko preverjanje za vse seks lutke na zalogi (kar pomeni, da so lutke na voljo za 3-dnevno dostavo), pla\u010dane s kreditno kartico.<\/p><p>Izvedli bomo identifikacijsko preverjanje, \u010de se va\u0161e ime in naslov za izstavitev ra\u010duna razlikujeta od imena in naslova za dostavo.<\/p><p>Razumete, da se lahko va\u0161a vsebina (brez podatkov o kreditni kartici) prena\u0161a ne\u0161ifrirano in vklju\u010duje (a) prenose prek razli\u010dnih omre\u017eij; in (b) spremembe zaradi skladnosti in prilagajanja tehni\u010dnim zahtevam<\/p><p>povezovalnih omre\u017eij ali naprav. Podatki o kreditni kartici so med prenosom po omre\u017ejih vedno \u0161ifrirani.<\/p><p>Strinjate se, da ne boste reproducirali, podvajali, kopirali, prodajali, preprodajali ali izkori\u0161\u010dali katerega koli dela storitve, uporabe storitve ali dostopa do storitve ali katerega koli stika na spletnem mestu, prek katerega je storitev na voljo, brez izrecnega pisnega obvestila.<\/p><p>na\u0161e dovoljenje.<\/p><p>Naslovi, uporabljeni v tej pogodbi, so vklju\u010deni samo zaradi priro\u010dnosti in ne bodo omejevali ali kako druga\u010de vplivali na te pogoje.<\/p><p>\u00a0\u2013 TO\u010cNOST, POPOLNOST IN PRAVO\u010cASNOST INFORMACIJ<\/p><p>Ne odgovarjamo, \u010de informacije, ki so na voljo na tem spletnem mestu, niso to\u010dne, popolne ali aktualne.<\/p><p>Gradivo na tem spletnem mestu je namenjeno samo splo\u0161nim informacijam in se nanj ne bi smeli zana\u0161ati ali uporabljati kot edino podlago za sprejemanje odlo\u010ditev brez posvetovanja s primarnimi, natan\u010dnej\u0161imi, popolnej\u0161imi ali pravo\u010dasnimi viri informacij. Vsakr\u0161no zana\u0161anje na gradivo na tem spletnem mestu je na lastno odgovornost.<\/p><p>\u2013 SPREMEMBE STORITVE IN CEN<\/p><p>Cene na\u0161ih izdelkov se lahko spremenijo brez predhodnega obvestila.<\/p><p>Pridr\u017eujemo si pravico, da kadar koli spremenimo ali ukinemo storitev (ali kateri koli njen del ali vsebino) brez predhodnega obvestila.<\/p><p>Vam ali kateri koli tretji osebi ne bomo odgovorni za kakr\u0161no koli spremembo, spremembo cene, za\u010dasno ukinitev ali ukinitev storitve.<\/p><p>\u2013 IZDELKI ALI STORITVE (\u010de je primerno)<\/p><p>Nekateri izdelki ali storitve so lahko na voljo izklju\u010dno na spletu prek spletne strani. Ti izdelki ali storitve imajo lahko omejene koli\u010dine in jih je mogo\u010de zamenjati samo v skladu z na\u0161o politiko menjave.<\/p><p>Potrudili smo se \u010dim bolj natan\u010dno prikazati barve in slike na\u0161ih izdelkov, ki se pojavljajo v trgovini. Ne moremo zagotoviti, da bo prikaz katere koli barve na va\u0161em ra\u010dunalni\u0161kem monitorju pravilen.<\/p><p>Pridr\u017eujemo si pravico, vendar nismo dol\u017eni omejiti prodajo na\u0161ih izdelkov ali storitev na katero koli osebo, geografsko regijo ali jurisdikcijo. To pravico lahko uveljavljamo od primera do primera. Pridr\u017eujemo si pravico do omejitve koli\u010din vseh izdelkov ali storitev, ki jih ponujamo. Vsi opisi izdelkov ali cene izdelkov se lahko kadar koli spremenijo brez predhodnega obvestila, po na\u0161i lastni presoji. Pridr\u017eujemo si pravico do ukinitve katerega koli izdelka kadarkoli. Vsaka ponudba za kateri koli izdelek ali storitev na tem spletnem mestu je neveljavna, kjer je prepovedana.<\/p><p>Ne jam\u010dimo, da bo kakovost katerega koli izdelka, storitve, informacij ali drugega materiala, ki ste ga kupili ali pridobili, izpolnila va\u0161a pri\u010dakovanja, ali da bodo morebitne napake v storitvi popravljene.<\/p><p>\u2013 TO\u010cNOST INFORMACIJ O OBRA\u010cUNU IN RA\u010cUNU<\/p><p>Pridr\u017eujemo si pravico zavrniti vsako naro\u010dilo, ki ga oddate pri nas. Po lastni presoji lahko omejimo ali prekli\u010demo koli\u010dine, kupljene na osebo, na gospodinjstvo ali na naro\u010dilo. Te omejitve lahko vklju\u010dujejo naro\u010dila, oddana prek ali pod istim ra\u010dunom stranke, isto kreditno kartico in\/ali naro\u010dila, ki uporabljajo isti naslov za izstavitev ra\u010duna in\/ali dostavo.<\/p><p>V primeru, da spremenimo ali prekli\u010demo naro\u010dilo, vas bomo morda poskusili obvestiti tako, da stopimo v stik z e-po\u0161to in\/ali naslovom za izstavitev ra\u010duna\/telefonsko \u0161tevilko, ki ste jo navedli ob oddaji naro\u010dila. Pridr\u017eujemo si pravico do omejitve ali prepovedi naro\u010dil, za katera se po na\u0161i presoji zdi, da so jih oddali trgovci, preprodajalci ali distributerji.<\/p><p>Strinjate se, da boste zagotovili trenutne, popolne in to\u010dne podatke o nakupu in ra\u010dunu za vse nakupe v na\u0161i trgovini. Strinjate se, da boste nemudoma posodobili svoj ra\u010dun in druge podatke, vklju\u010dno z va\u0161im e-po\u0161tnim naslovom in \u0161tevilkami kreditnih kartic ter datumi poteka, da bomo lahko dokon\u010dali va\u0161e transakcije in vas po potrebi kontaktirali.<\/p><p>Za ve\u010d podrobnosti si oglejte na\u0161 pravilnik o menjavi.<\/p><p>\u2013 NEOBVEZNA ORODJA<\/p><p>Morda vam omogo\u010dimo dostop do orodij tretjih oseb, ki jih ne spremljamo in nimamo nadzora ali vnosa.<\/p><p>Potrjujete in se strinjate, da nudimo dostop do tak\u0161nih orodij &quot;kot so&quot; in &quot;kot so na voljo&quot; brez kakr\u0161nega koli jamstva, zastopanja ali kakr\u0161nih koli pogojev in brez kakr\u0161ne koli odobritve. Ne prevzemamo nobene odgovornosti, ki bi nastala<\/p><p>iz ali v zvezi z va\u0161o uporabo neobveznih orodij tretjih oseb.<\/p><p>Kakr\u0161na koli va\u0161a uporaba izbirnih orodij, ki so na voljo na spletnem mestu, je v celoti na lastno odgovornost in po lastni presoji, pri \u010demer se morate prepri\u010dati, da ste seznanjeni s pogoji, pod katerimi so orodja na voljo s strani ustreznih tretjih ponudnikov, in jih strinjate.<\/p><p>Prav tako lahko v prihodnosti prek spletnega mesta ponudimo nove storitve in\/ali funkcije (vklju\u010dno z izdajo novih orodij in virov). Za tak\u0161ne nove funkcije in\/ali storitve veljajo tudi ti pogoji storitve.<\/p><p>\u2013 POVEZAVE TRETJIH OSEB<\/p><p>Dolo\u010dena vsebina, izdelki in storitve, ki so na voljo prek na\u0161e storitve, lahko vklju\u010dujejo gradiva tretjih oseb.<\/p><p>Povezave tretjih oseb na tem spletnem mestu vas lahko usmerijo na spletna mesta tretjih oseb, ki niso povezana z nami. Nismo odgovorni za preu\u010devanje ali ocenjevanje vsebine ali to\u010dnosti in ne jam\u010dimo in ne bomo imeli nobene odgovornosti ali odgovornosti za katero koli gradivo ali spletna mesta tretjih oseb ali za katero koli drugo gradivo, izdelke ali storitve tretjih oseb.<\/p><p>Nismo odgovorni za kakr\u0161no koli \u0161kodo ali \u0161kodo, povezano z nakupom ali uporabo blaga, storitev, virov, vsebine ali katere koli druge transakcije v povezavi s spletnimi mesti tretjih oseb. Prosimo, da natan\u010dno preberete politike in prakse tretjih oseb in se prepri\u010dajte, da jih razumete, preden se lotite kakr\u0161ne koli transakcije. Prito\u017ebe, zahtevke, pomisleke ali vpra\u0161anja v zvezi z izdelki tretjih oseb je treba nasloviti na tretjo osebo.<\/p><p>\u2013 PRIPOMBE UPORABNIKOV, POVRATNE INFORMACIJE IN DRUGE PRIJAVE<\/p><p>\u010ce na na\u0161o zahtevo po\u0161ljete dolo\u010dene posebne prispevke (na primer prijave za nate\u010daj) ali brez na\u0161e zahteve po\u0161ljete kreativne ideje, predloge, predloge, na\u010drte ali drugo gradivo, bodisi na spletu, po elektronski po\u0161ti, po po\u0161ti,<\/p><p>ali kako druga\u010de (skupaj &#039;komentarji&#039;), se strinjate, da lahko kadar koli brez omejitev urejamo, kopiramo, objavljamo, distribuiramo, prevajamo in druga\u010de uporabljamo v katerem koli mediju vse komentarje, ki nam jih posredujete. Nismo in ne bomo dol\u017eni (1) hraniti nobenih komentarjev kot zaupne; (2) pla\u010dati od\u0161kodnino za kakr\u0161ne koli pripombe; ali (3) za odgovor na morebitne komentarje.<\/p><p>Lahko, vendar nismo dol\u017eni spremljati, urejati ali odstraniti vsebino, za katero po lastni presoji ugotovimo, da je nezakonita, \u017ealjiva, groze\u010da, klevetni\u0161ka, obrekljiva, pornografska, nespodobna ali kako druga\u010de sporna ali kr\u0161i intelektualno lastnino katere koli stranke ali te pogoje storitve. .<\/p><p>Strinjate se, da va\u0161i komentarji ne bodo kr\u0161ili nobenih pravic tretjih oseb, vklju\u010dno z avtorskimi pravicami, blagovnimi znamkami, zasebnostjo, osebnostnimi ali drugimi osebnimi ali lastni\u0161kimi pravicami. Nadalje se strinjate, da va\u0161i komentarji ne bodo vsebovali klevetni\u0161kega ali kako druga\u010de nezakonitega, \u017ealjivega ali nespodobnega gradiva ali vsebovali ra\u010dunalni\u0161kega virusa ali druge zlonamerne programske opreme, ki bi lahko kakor koli vplivala na delovanje storitve ali katere koli povezane spletne strani. Ne smete uporabljati la\u017enega e-po\u0161tnega naslova, se pretvarjati, da ste nekdo drug kot vi sami, ali kako druga\u010de zavajati nas ali tretje osebe glede izvora kakr\u0161nih koli komentarjev. Za morebitne komentarje in njihovo to\u010dnost ste izklju\u010dno odgovorni sami. Ne prevzemamo nobene odgovornosti za komentarje, ki jih objavite vi ali katera koli tretja oseba.<\/p><p>- OSEBNE INFORMACIJE<\/p><p>Va\u0161o predlo\u017eitev osebnih podatkov prek trgovine ureja na\u0161 pravilnik o zasebnosti. Za ogled na\u0161e politike zasebnosti.<\/p><p>\u2013 NAPAKE, NETO\u010cNOSTI IN IZPUSTI<\/p><p>Ob\u010dasno se na na\u0161em spletnem mestu ali v storitvi lahko pojavijo informacije, ki vsebujejo tipkarske napake, neto\u010dnosti ali opustitve, ki se lahko nana\u0161ajo na opise izdelkov, cene, promocije, ponudbe, stro\u0161ke po\u0161iljanja izdelkov, \u010das prevoza in razpolo\u017eljivost. Pridr\u017eujemo si pravico do popravka kakr\u0161nih koli napak, neto\u010dnosti ali opustitev ter do spremembe ali posodobitve informacij ali preklica naro\u010dil, \u010de so katere koli informacije v storitvi ali na katerem koli povezanem spletnem mestu kadar koli neto\u010dne brez predhodnega obvestila (tudi po oddaji naro\u010dila) .<\/p><p>Ne zavezujemo se, da bomo posodabljali, spreminjali ali pojasnjevali informacije v storitvi ali na kateri koli povezani spletni strani, vklju\u010dno z informacijami o cenah, vendar ne omejeno nanje, razen \u010de to zahteva zakon. Nobenega dolo\u010denega datuma posodobitve ali osve\u017eevanja, uporabljenega v storitvi ali na katerem koli povezanem spletnem mestu, ni treba razumeti kot znak, da so bile vse informacije v storitvi ali na katerem koli povezanem spletnem mestu spremenjene ali posodobljene.<\/p><p>\u2013 PREPOVEDANE UPORABE<\/p><p>Poleg drugih prepovedi, kot so dolo\u010dene v pogojih storitve, vam je prepovedano uporabljati spletno mesto ali njegovo vsebino: (a) za kakr\u0161ne koli nezakonite namene; (b) nagovarjati druge k izvajanju ali sodelovanju pri kakr\u0161nih koli nezakonitih dejanjih; (c) kr\u0161iti katere koli mednarodne, zvezne, pokrajinske ali dr\u017eavne predpise, pravila, zakone ali lokalne uredbe; (d) posegati v ali kr\u0161iti na\u0161e pravice intelektualne lastnine ali pravice intelektualne lastnine drugih; (e) nadlegovati, zlorabljati, \u017ealiti, \u0161kodovati, obrekovati, obrekovati, omalova\u017eevati, ustrahovati ali diskriminirati na podlagi spola, spolne usmerjenosti, vere, etni\u010dne pripadnosti, rase, starosti, nacionalnega porekla ali invalidnosti; (f) predlo\u017eiti la\u017ene ali zavajajo\u010de informacije; (g) za nalaganje ali prenos virusov ali katere koli druge vrste zlonamerne kode, ki bo ali bi lahko bila uporabljena na kakr\u0161en koli na\u010din, ki bo vplival na funkcionalnost ali delovanje storitve ali katerega koli povezanega spletnega mesta, drugih spletnih mest ali interneta; (h) za zbiranje ali sledenje osebnih podatkov drugih; (i) za ne\u017eeleno po\u0161iljanje, la\u017eno predstavljanje, farmacijo, pretvezo, pajek, iskanje ali strganje; (j) za kakr\u0161ne koli obscene ali nemoralne namene; ali (k) za motenje ali izogibanje varnostnim funkcijam storitve ali katerega koli povezanega spletnega mesta, drugih spletnih mest ali interneta. Pridr\u017eujemo si pravico, da prekinemo va\u0161o uporabo storitve ali katere koli povezane spletne strani zaradi kr\u0161itve katere koli prepovedane uporabe.<\/p><p>\u2013 ODPOVED JAMSTEV; OMEJITEV ODGOVORNOSTI<\/p><p>Ne jam\u010dimo, predstavljamo ali jam\u010dimo, da bo va\u0161a uporaba na\u0161e storitve neprekinjena, pravo\u010dasna, varna ali brez napak.<\/p><p>Ne jam\u010dimo, da bodo rezultati, ki jih lahko pridobimo z uporabo storitve, to\u010dni ali zanesljivi.<\/p><p>Strinjate se, da lahko ob\u010dasno odstranimo storitev za nedolo\u010den \u010das ali kadar koli prekli\u010demo storitev, ne da bi vas obvestili.<\/p><p>Vsa oddana naro\u010dila so dokon\u010dna in pristna. Ve\u010d informacij najdete tukaj.<\/p><p>Izrecno se strinjate, da svojo uporabo ali nezmo\u017enost uporabe storitve izvajate izklju\u010dno na lastno odgovornost. Storitev in vsi izdelki in storitve, ki so vam dobavljeni prek storitve, so (razen kot je izrecno navedeno z na\u0161e strani) na voljo za va\u0161o uporabo &quot;tak\u0161ni, kot so&quot; in &quot;kot so na voljo&quot;, brez kakr\u0161nega koli zastopanja, jamstev ali kakr\u0161nih koli pogojev, bodisi izrecnih ali implicitno, vklju\u010dno z vsemi implicitnimi jamstvi ali pogoji tr\u017enosti, tr\u017ene kakovosti, primernosti za dolo\u010den namen, trajnosti, naslova in nekr\u0161itve.<\/p><p>SnDoll, na\u0161i direktorji, uradniki, zaposleni, podru\u017enice, zastopniki, izvajalci, pripravniki, dobavitelji, ponudniki storitev ali dajalci licenc v nobenem primeru niso odgovorni za kakr\u0161no koli po\u0161kodbo, izgubo, zahtevek ali kakr\u0161no koli neposredno, posredno, naklju\u010dno, kaznovalno, posebno ali posledi\u010dne \u0161kode katere koli vrste, vklju\u010dno z, brez omejitev, izgubljenim dobi\u010dkom, izgubljenim dohodkom, izgubljenimi prihranki, izgubo podatkov, nadomestnimi stro\u0161ki ali kakr\u0161no koli podobno \u0161kodo, ki temelji na pogodbi, od\u0161kodninski odgovornosti (vklju\u010dno z malomarnostjo), objektivni odgovornosti ali kako druga\u010de, ki izhaja iz va\u0161ega uporabo katere koli storitve ali katerega koli izdelka, pridobljenega z uporabo storitve, ali za kateri koli drug zahtevek, ki je na kakr\u0161en koli na\u010din povezan z va\u0161o uporabo storitve ali katerega koli izdelka, vklju\u010dno z, vendar ne omejeno na, morebitnimi napakami ali pomanjkljivostmi v kateri koli vsebini ali kakr\u0161na koli izguba ali \u0161koda, ki je nastala kot posledica uporabe storitve ali katere koli vsebine (ali izdelka), objavljene, prenesene ali kako druga\u010de dane na voljo prek storitve, tudi \u010de je bila obve\u0161\u010dena o njihovi mo\u017enosti. Ker nekatere dr\u017eave ali jurisdikcije ne dovoljujejo izklju\u010ditve ali omejitve odgovornosti za posledi\u010dno ali naklju\u010dno \u0161kodo, je v tak\u0161nih dr\u017eavah ali jurisdikcijah na\u0161a odgovornost omejena na najve\u010dji mo\u017eni obseg, ki ga dovoljuje zakon.<\/p><p>\u2013 OD\u0160KODNINA<\/p><p>Strinjate se, da boste SnDoll in na\u0161o mati\u010dno dru\u017ebo, h\u010derinske dru\u017ebe, podru\u017enice, partnerje, uradnike, direktorje, agente, izvajalce, dajalce licenc, ponudnike storitev, podizvajalce, dobavitelje, pripravnike in zaposlene od\u0161kodninili za kakr\u0161no koli terjatev ali zahtevo, vklju\u010dno z razumnimi odvetni\u0161ki stro\u0161ki, ki jih povzro\u010di katera koli tretja oseba zaradi ali izhajajo iz va\u0161e kr\u0161itve teh pogojev storitve ali dokumentov, ki jih ti vklju\u010dujejo s sklicevanjem, ali va\u0161e kr\u0161itve katerega koli zakona ali pravic tretje osebe.<\/p><p>\u2013 LO\u010cLJIVOST<\/p><p>V primeru, da se ugotovi, da je katera koli dolo\u010dba teh pogojev storitve nezakonita, ni\u010dna ali neizvr\u0161ljiva, bo taka dolo\u010dba kljub temu izvr\u0161ljiva v najve\u010dji mo\u017eni meri, ki jo dovoljuje veljavna zakonodaja, neizvr\u0161ljivi del pa se \u0161teje za lo\u010denega od teh pogojev Vro\u010ditev, taka dolo\u010ditev ne vpliva na veljavnost in izvr\u0161ljivost drugih preostalih dolo\u010db.<\/p><p>- PREKINITEV<\/p><p>Obveznosti in odgovornosti strank, ki so nastale pred datumom odpovedi, ostanejo v veljavi tudi po odpovedi te pogodbe za vse namene.<\/p><p>Ti pogoji storitve veljajo, razen \u010de in dokler jih ne prekinete vi ali mi. Te pogoje storitve lahko kadar koli prekinete tako, da nas obvestite, da ne \u017eelite ve\u010d uporabljati na\u0161ih storitev, ali ko prenehate uporabljati na\u0161e spletno mesto.<\/p><p>\u010ce po na\u0161i lastni presoji ne upo\u0161tevate katerega koli dolo\u010dila ali dolo\u010dila teh pogojev storitve, ali sumimo, da niste izpolnili katerega koli dolo\u010dila ali dolo\u010dbe teh pogojev storitve, lahko to pogodbo kadar koli prekinemo brez obvestila in ostali boste odgovorni za vse zapadle zneske. do vklju\u010dno datuma prenehanja; in\/ali vam lahko v skladu s tem zavrne dostop do na\u0161ih storitev (ali katerega koli njihovega dela).<\/p><p>- CELOTNI DOGOVOR<\/p><p>\u010ce z na\u0161e strani ne uveljavljamo ali uveljavljamo katere koli pravice ali dolo\u010dbe teh pogojev storitve, to ne pomeni odpovedi taki pravici ali dolo\u010dbi.<\/p><p>Ti pogoji storitve in vsi pravilniki ali pravila delovanja, ki smo jih objavili na tem spletnem mestu ali v zvezi s storitvijo, predstavljajo celotno pogodbo in dogovor med vami in nami ter urejajo va\u0161o uporabo storitve ter nadome\u0161\u010dajo vse predhodne ali so\u010dasne dogovore, sporo\u010dila in predloge. , ustno ali pisno, med vami in nami (vklju\u010dno, vendar ne omejeno na, morebitne prej\u0161nje razli\u010dice pogojev storitve).<\/p><p>Kakr\u0161ne koli dvoumnosti pri razlagi teh pogojev storitve se ne sme razlagati proti pripravljavcu.<\/p><p>- PRAVO<\/p><p>Te pogoje storitve in vse lo\u010dene pogodbe, s katerimi vam nudimo storitve, urejajo in razlagajo v skladu z zakoni Hongkonga.<\/p><p>\u2013 SPREMEMBE POGOJEV STORITVE<\/p><p>Na tej strani si lahko kadar koli ogledate najnovej\u0161o razli\u010dico pogojev storitve.<\/p><p>Pridr\u017eujemo si pravico, da po lastni presoji posodobimo, spremenimo ali zamenjamo kateri koli del teh pogojev storitve z objavo posodobitev in sprememb na na\u0161i spletni strani. Va\u0161a odgovornost je, da redno preverjate na\u0161o spletno stran glede sprememb. Va\u0161a nadaljnja uporaba ali dostop do na\u0161ega spletnega mesta ali storitve po objavi kakr\u0161nih koli sprememb teh pogojev storitve pomeni sprejemanje teh sprememb.<\/p><p>- KONTAKTNI PODATKI<\/p><p>Vpra\u0161anja o pogojih storitve nam po\u0161ljite na support@sndoll.com<\/p>\t\t\t\t\t\t<\/div>\n\t\t\t\t<\/div>\n\t\t\t\t\t<\/div>\n\t\t<\/div>\n\t\t\t\t\t\t\t<\/div>\n\t\t<\/section>\n\t\t\t\t\t\t\t<\/div>","protected":false},"excerpt":{"rendered":"<p>This website is operated by SnDoll. Throughout the site, the terms \u201cwe\u201d, \u201cus\u201d and \u201cour\u201d refer to SnDoll.\u00a0SnDoll offers this website, including all information, tools and services available from this site to you, the user,\u00a0conditioned upon your acceptance of all terms, conditions, policies and notices stated here. By visiting our site and\/ or purchasing something [&hellip;]<\/p>\n","protected":false},"author":1,"featured_media":0,"parent":0,"menu_order":0,"comment_status":"closed","ping_status":"closed","template":"","meta":{"footnotes":""},"class_list":["post-90210","page","type-page","status-publish","hentry"],"acf":[],"_links":{"self":[{"href":"https:\/\/sndoll.com\/sl\/wp-json\/wp\/v2\/pages\/90210","targetHints":{"allow":["GET"]}}],"collection":[{"href":"https:\/\/sndoll.com\/sl\/wp-json\/wp\/v2\/pages"}],"about":[{"href":"https:\/\/sndoll.com\/sl\/wp-json\/wp\/v2\/types\/page"}],"author":[{"embeddable":true,"href":"https:\/\/sndoll.com\/sl\/wp-json\/wp\/v2\/users\/1"}],"replies":[{"embeddable":true,"href":"https:\/\/sndoll.com\/sl\/wp-json\/wp\/v2\/comments?post=90210"}],"version-history":[{"count":1,"href":"https:\/\/sndoll.com\/sl\/wp-json\/wp\/v2\/pages\/90210\/revisions"}],"predecessor-version":[{"id":129734,"href":"https:\/\/sndoll.com\/sl\/wp-json\/wp\/v2\/pages\/90210\/revisions\/129734"}],"wp:attachment":[{"href":"https:\/\/sndoll.com\/sl\/wp-json\/wp\/v2\/media?parent=90210"}],"curies":[{"name":"wp","href":"https:\/\/api.w.org\/{rel}","templated":true}]}}