{"id":90210,"date":"2023-11-07T17:05:00","date_gmt":"2023-11-07T09:05:00","guid":{"rendered":"https:\/\/sndoll.com\/?page_id=90210"},"modified":"2024-10-15T14:31:44","modified_gmt":"2024-10-15T06:31:44","slug":"terms-of-service","status":"publish","type":"page","link":"https:\/\/sndoll.com\/fi\/terms-of-service\/","title":{"rendered":"K\u00e4ytt\u00f6ehdot"},"content":{"rendered":"<div data-elementor-type=\"wp-page\" data-elementor-id=\"90210\" class=\"elementor elementor-90210\" data-elementor-post-type=\"page\">\n\t\t\t\t\t\t\t\t\t<section class=\"elementor-section elementor-top-section elementor-element elementor-element-f7da93a elementor-section-boxed elementor-section-height-default elementor-section-height-default\" data-id=\"f7da93a\" data-element_type=\"section\">\n\t\t\t\t\t\t<div class=\"elementor-container elementor-column-gap-default\">\n\t\t\t\t\t<div class=\"elementor-column elementor-col-100 elementor-top-column elementor-element elementor-element-3731162\" data-id=\"3731162\" data-element_type=\"column\">\n\t\t\t<div class=\"elementor-widget-wrap elementor-element-populated\">\n\t\t\t\t\t\t\t\t<div class=\"elementor-element elementor-element-5eed7b3 elementor-widget elementor-widget-text-editor\" data-id=\"5eed7b3\" data-element_type=\"widget\" data-widget_type=\"text-editor.default\">\n\t\t\t\t<div class=\"elementor-widget-container\">\n\t\t\t<style>\/*! elementor - v3.16.0 - 13-09-2023 *\/\n.elementor-widget-text-editor.elementor-drop-cap-view-stacked .elementor-drop-cap{background-color:#69727d;color:#fff}.elementor-widget-text-editor.elementor-drop-cap-view-framed .elementor-drop-cap{color:#69727d;border:3px solid;background-color:transparent}.elementor-widget-text-editor:not(.elementor-drop-cap-view-default) .elementor-drop-cap{margin-top:8px}.elementor-widget-text-editor:not(.elementor-drop-cap-view-default) .elementor-drop-cap-letter{width:1em;height:1em}.elementor-widget-text-editor .elementor-drop-cap{float:left;text-align:center;line-height:1;font-size:50px}.elementor-widget-text-editor .elementor-drop-cap-letter{display:inline-block}<\/style>\t\t\t\t<p>T\u00e4t\u00e4 verkkosivustoa yll\u00e4pit\u00e4\u00e4 SnDoll. Koko sivustolla termit &quot;me&quot;, &quot;me&quot; ja &quot;meid\u00e4n&quot; viittaavat SnDolliin. SnDoll tarjoaa t\u00e4m\u00e4n verkkosivuston, mukaan lukien kaikki t\u00e4lt\u00e4 sivustolta saatavilla olevat tiedot, ty\u00f6kalut ja palvelut sinulle, k\u00e4ytt\u00e4j\u00e4lle, edellytt\u00e4en, ett\u00e4 hyv\u00e4ksyt kaikki t\u00e4ss\u00e4 mainitut ehdot, k\u00e4yt\u00e4nn\u00f6t ja huomautukset.<\/p><p>Vierailemalla sivustollamme ja\/tai ostamalla jotain meilt\u00e4, osallistut &quot;Palveluumme&quot; ja sitoudut noudattamaan seuraavia ehtoja (&quot;Palveluehdot&quot;, &quot;Ehdot&quot;), mukaan lukien n\u00e4m\u00e4 lis\u00e4ehdot ja -k\u00e4yt\u00e4nn\u00f6t johon viitataan t\u00e4ss\u00e4 ja\/tai saatavilla hyperlinkin kautta. N\u00e4m\u00e4 k\u00e4ytt\u00f6ehdot koskevat kaikkia sivuston k\u00e4ytt\u00e4ji\u00e4, mukaan lukien rajoituksetta k\u00e4ytt\u00e4j\u00e4t, jotka ovat selaimia, myyji\u00e4, asiakkaita, kauppiaita ja\/tai sis\u00e4ll\u00f6ntuottajia.<\/p><p>Lue n\u00e4m\u00e4 k\u00e4ytt\u00f6ehdot huolellisesti ennen kuin avaat tai k\u00e4yt\u00e4t verkkosivustoamme. Kun avaat tai k\u00e4yt\u00e4t mit\u00e4 tahansa sivuston osaa, sitoudut noudattamaan n\u00e4it\u00e4 palveluehtoja. Jos et hyv\u00e4ksy kaikkia t\u00e4m\u00e4n sopimuksen ehtoja, et voi k\u00e4ytt\u00e4\u00e4 verkkosivustoa tai k\u00e4ytt\u00e4\u00e4 palveluita. Jos n\u00e4it\u00e4 palveluehtoja pidet\u00e4\u00e4n tarjouksena, hyv\u00e4ksyminen rajoittuu nimenomaisesti n\u00e4ihin k\u00e4ytt\u00f6ehtoihin.<\/p><p>My\u00f6s kaikki nykyiseen kauppaan lis\u00e4tyt uudet ominaisuudet tai ty\u00f6kalut ovat k\u00e4ytt\u00f6ehtojen alaisia. Voit tarkistaa k\u00e4ytt\u00f6ehtojen uusimman version milloin tahansa t\u00e4ll\u00e4 sivulla. Pid\u00e4t\u00e4mme oikeuden p\u00e4ivitt\u00e4\u00e4, muuttaa tai korvata mink\u00e4 tahansa osan n\u00e4ist\u00e4 palveluehdoista julkaisemalla p\u00e4ivityksi\u00e4 ja\/tai muutoksia verkkosivustollemme. On sinun vastuullasi tarkistaa t\u00e4m\u00e4 sivu s\u00e4\u00e4nn\u00f6llisesti muutosten varalta. Jos jatkat verkkosivuston k\u00e4ytt\u00f6\u00e4 tai p\u00e4\u00e4sy\u00e4 siihen muutosten julkaisemisen j\u00e4lkeen, hyv\u00e4ksyt muutokset.<\/p><p>\u2013 VERKKOKAUPAN EHDOT<\/p><p>Hyv\u00e4ksym\u00e4ll\u00e4 n\u00e4m\u00e4 k\u00e4ytt\u00f6ehdot vakuutat, ett\u00e4 olet v\u00e4hint\u00e4\u00e4n t\u00e4ysi-ik\u00e4inen asuinvaltiossasi tai -maakunnassasi tai ett\u00e4 olet t\u00e4ysi-ik\u00e4inen asuinvaltiossasi tai -maassasi ja olet antanut meille suostumuksesi salli alaik\u00e4isten huollettaviensi k\u00e4ytt\u00e4\u00e4 t\u00e4t\u00e4 sivustoa.<\/p><p>Et saa k\u00e4ytt\u00e4\u00e4 tuotteitamme mihink\u00e4\u00e4n laittomaan tai luvattomaan tarkoitukseen, etk\u00e4 Palvelua k\u00e4ytt\u00e4ess\u00e4si saa rikkoa mit\u00e4\u00e4n laink\u00e4ytt\u00f6alueesi lakeja (mukaan lukien, mutta ei rajoittuen, tekij\u00e4noikeuslakeja).<\/p><p>Et saa v\u00e4litt\u00e4\u00e4 matoja tai viruksia tai mit\u00e4\u00e4n tuhoisaa koodia.<\/p><p>Mink\u00e4 tahansa Ehtojen rikkominen tai rikkominen johtaa Palvelujesi v\u00e4litt\u00f6m\u00e4\u00e4n lopettamiseen.<\/p><p>\u2013 YLEISET EHDOT<\/p><p>Pid\u00e4t\u00e4mme oikeuden kielt\u00e4yty\u00e4 palvelusta kenelt\u00e4 tahansa mist\u00e4 tahansa syyst\u00e4 milloin tahansa.<\/p><p>Suoritamme henkil\u00f6llisyystarkastuksen kaikille varastossa oleville seksinukeille (eli nuket saatavilla 3 p\u00e4iv\u00e4n toimitusajalla), jotka maksetaan luottokortilla.<\/p><p>Suoritamme henkil\u00f6llisyystarkastuksen, jos nimesi ja laskutusosoitteesi poikkeavat nimest\u00e4 ja toimitusosoitteesta.<\/p><p>Ymm\u00e4rr\u00e4t, ett\u00e4 sis\u00e4lt\u00f6si (lukuun ottamatta luottokorttitietoja) voidaan siirt\u00e4\u00e4 salaamattomana ja sis\u00e4lt\u00e4\u00e4 (a) l\u00e4hetyksi\u00e4 eri verkkojen kautta; ja (b) muutokset teknisten vaatimusten mukauttamiseksi<\/p><p>verkkojen tai laitteiden yhdist\u00e4misest\u00e4. Luottokorttitiedot salataan aina verkkosiirron aikana.<\/p><p>Sitoudut olemaan j\u00e4ljent\u00e4m\u00e4tt\u00e4, monistamatta, kopioimatta, myym\u00e4tt\u00e4, myym\u00e4tt\u00e4 tai hy\u00f6dynt\u00e4m\u00e4tt\u00e4 mit\u00e4\u00e4n palvelun osaa, palvelun k\u00e4ytt\u00f6\u00e4 tai p\u00e4\u00e4sy\u00e4 Palveluun tai mihink\u00e4\u00e4n yhteyshenkil\u00f6\u00f6n verkkosivustolla, jonka kautta palvelu tarjotaan, ilman nimenomaista kirjallista ilmoitusta.<\/p><p>luvalla meilt\u00e4.<\/p><p>T\u00e4ss\u00e4 sopimuksessa k\u00e4ytetyt otsikot on sis\u00e4llytetty vain k\u00e4ytt\u00f6mukavuuden vuoksi, eiv\u00e4tk\u00e4 ne rajoita tai muuten vaikuta n\u00e4ihin ehtoihin.<\/p><p>\u00a0\u2013 TIETOJEN TARKKUUS, T\u00c4YDELLISYYS JA OIKEUSAIKA<\/p><p>Emme ole vastuussa, jos t\u00e4ll\u00e4 sivustolla saatavilla olevat tiedot eiv\u00e4t ole tarkkoja, t\u00e4ydellisi\u00e4 tai ajantasaisia.<\/p><p>T\u00e4m\u00e4n sivuston materiaali on tarkoitettu vain yleiseksi tiedoksi, eik\u00e4 siihen pid\u00e4 luottaa tai k\u00e4ytt\u00e4\u00e4 p\u00e4\u00e4t\u00f6ksi\u00e4 yksinomaan perusteena ilman ensisijaisia, tarkempia, t\u00e4ydellisempi\u00e4 tai oikea-aikaisempia tietol\u00e4hteit\u00e4. Kaikki t\u00e4m\u00e4n sivuston materiaaliin luottaminen on omalla vastuullasi.<\/p><p>\u2013 MUUTOKSET PALVELUUN JA HINNAT<\/p><p>Tuotteidemme hinnat voivat muuttua ilman erillist\u00e4 ilmoitusta.<\/p><p>Varaamme oikeuden milloin tahansa muuttaa tai lopettaa Palvelun (tai sen osan tai sis\u00e4ll\u00f6n) milloin tahansa ilman erillist\u00e4 ilmoitusta.<\/p><p>Emme ole vastuussa sinulle tai millek\u00e4\u00e4n kolmannelle osapuolelle mist\u00e4\u00e4n Palvelun muutoksista, hinnan muutoksista, keskeytt\u00e4misest\u00e4 tai lopettamisesta.<\/p><p>\u2013 TUOTTEET TAI PALVELUT (tarvittaessa)<\/p><p>Tietyt tuotteet tai palvelut voivat olla saatavilla yksinomaan verkossa verkkosivuston kautta. N\u00e4it\u00e4 tuotteita tai palveluita voi olla rajoitettu m\u00e4\u00e4r\u00e4, ja ne voidaan vaihtaa vain vaihtok\u00e4yt\u00e4nt\u00f6mme mukaisesti.<\/p><p>Olemme tehneet kaikkemme n\u00e4ytt\u00e4\u00e4ksemme mahdollisimman tarkasti myym\u00e4l\u00e4ss\u00e4 n\u00e4kyv\u00e4t tuotteidemme v\u00e4rit ja kuvat. Emme voi taata, ett\u00e4 tietokoneesi n\u00e4yt\u00f6n mink\u00e4 tahansa v\u00e4rin n\u00e4ytt\u00f6 on tarkka.<\/p><p>Pid\u00e4t\u00e4mme oikeuden, mutta emme ole velvollisia, rajoittaa tuotteidemme tai palveluidemme myynti\u00e4 mille tahansa henkil\u00f6lle, maantieteelliselle alueelle tai laink\u00e4ytt\u00f6alueelle. Voimme k\u00e4ytt\u00e4\u00e4 t\u00e4t\u00e4 oikeutta tapauskohtaisesti. Pid\u00e4t\u00e4mme oikeuden rajoittaa tarjoamiemme tuotteiden tai palveluiden m\u00e4\u00e4ri\u00e4. Kaikki tuotekuvaukset tai tuotteiden hinnat voivat muuttua milloin tahansa ilman erillist\u00e4 ilmoitusta oman harkintamme mukaan. Pid\u00e4t\u00e4mme oikeuden lopettaa mink\u00e4 tahansa tuotteen valmistus milloin tahansa. Kaikki t\u00e4ll\u00e4 sivustolla tehdyt tarjoukset tuotteista tai palveluista ovat mit\u00e4tt\u00f6mi\u00e4, jos ne ovat kiellettyj\u00e4.<\/p><p>Emme takaa, ett\u00e4 ostamasi tai hankkimasi tuotteen, palvelun, tiedon tai muun materiaalin laatu vastaa odotuksiasi tai ett\u00e4 Palvelussa mahdollisesti olevat virheet korjataan.<\/p><p>\u2013 LASKUTUS- JA TILITIETOJEN TARKKUUS<\/p><p>Pid\u00e4t\u00e4mme oikeuden ev\u00e4t\u00e4 kaikki tilaukset, jotka teet meilt\u00e4. Voimme oman harkintamme mukaan rajoittaa tai peruuttaa ostettuja m\u00e4\u00e4ri\u00e4 henkil\u00f6\u00e4, kotitaloutta tai tilausta kohti. N\u00e4m\u00e4 rajoitukset voivat sis\u00e4lt\u00e4\u00e4 tilaukset, jotka on tehty samalta asiakastililt\u00e4 tai saman asiakastilin alta, samalla luottokortilla ja\/tai tilaukset, joissa k\u00e4ytet\u00e4\u00e4n samaa laskutus- ja\/tai toimitusosoitetta.<\/p><p>Jos teemme muutoksia tilaukseen tai peruutamme sen, voimme yritt\u00e4\u00e4 ilmoittaa sinulle ottamalla yhteytt\u00e4 tilauksen tekohetkell\u00e4 annettuun s\u00e4hk\u00f6postiosoitteeseen ja\/tai laskutusosoitteeseen\/puhelinnumeroon. Pid\u00e4t\u00e4mme oikeuden rajoittaa tai kielt\u00e4\u00e4 tilaukset, jotka meid\u00e4n oman harkintamme mukaan n\u00e4ytt\u00e4v\u00e4t olevan j\u00e4lleenmyyjien, j\u00e4lleenmyyjien tai jakelijoiden tekemi\u00e4.<\/p><p>Sitoudut antamaan ajantasaiset, t\u00e4ydelliset ja tarkat osto- ja tilitiedot kaikista kaupassamme tehdyist\u00e4 ostoksista. Sitoudut p\u00e4ivitt\u00e4m\u00e4\u00e4n tilisi ja muut tiedot, mukaan lukien s\u00e4hk\u00f6postiosoitteesi ja luottokorttisi numerot ja vanhentumisp\u00e4iv\u00e4t, viipym\u00e4tt\u00e4, jotta voimme suorittaa tapahtumasi ja ottaa sinuun yhteytt\u00e4 tarvittaessa.<\/p><p>Lis\u00e4tietoja on vaihtok\u00e4yt\u00e4nn\u00f6ss\u00e4mme.<\/p><p>\u2013 VALINNAISET TY\u00d6KALUT<\/p><p>Saatamme tarjota sinulle p\u00e4\u00e4syn kolmannen osapuolen ty\u00f6kaluihin, joita emme valvo emmek\u00e4 hallitse tai anna tietoja.<\/p><p>Ymm\u00e4rr\u00e4t ja hyv\u00e4ksyt, ett\u00e4 tarjoamme p\u00e4\u00e4syn t\u00e4llaisiin ty\u00f6kaluihin &quot;sellaisena kuin ne ovat&quot; ja &quot;sellaisena kuin saatavilla&quot; ilman mink\u00e4\u00e4nlaisia takuita, esityksi\u00e4 tai ehtoja ja ilman hyv\u00e4ksynt\u00e4\u00e4. Meill\u00e4 ei ole mink\u00e4\u00e4nlaista vastuuta<\/p><p>tai liittyv\u00e4t valinnaisten kolmannen osapuolen ty\u00f6kalujen k\u00e4ytt\u00f6\u00f6n.<\/p><p>Sivuston kautta tarjottujen valinnaisten ty\u00f6kalujen k\u00e4ytt\u00f6 on t\u00e4ysin omalla vastuullasi ja harkintasi mukaan, ja sinun tulee varmistaa, ett\u00e4 olet perehtynyt ja hyv\u00e4ksy\u00e4 ehdot, joilla asiaankuuluvat kolmannen osapuolen tarjoajat tarjoavat ty\u00f6kaluja.<\/p><p>Saatamme my\u00f6s tulevaisuudessa tarjota uusia palveluita ja\/tai ominaisuuksia verkkosivuston kautta (mukaan lukien uusien ty\u00f6kalujen ja resurssien julkaiseminen). My\u00f6s t\u00e4llaisia uusia ominaisuuksia ja\/tai palveluita koskevat n\u00e4m\u00e4 k\u00e4ytt\u00f6ehdot.<\/p><p>\u2013 KOLMANSIEN OSAPUOLEN LINKIT<\/p><p>Tietyt Palvelumme kautta saatavilla olevat sis\u00e4ll\u00f6t, tuotteet ja palvelut voivat sis\u00e4lt\u00e4\u00e4 materiaalia kolmansilta osapuolilta.<\/p><p>T\u00e4ll\u00e4 sivustolla olevat kolmannen osapuolen linkit voivat ohjata sinut kolmansien osapuolien verkkosivustoille, jotka eiv\u00e4t ole sidoksissa meihin. Emme ole vastuussa sis\u00e4ll\u00f6n tai tarkkuuden tutkimisesta tai arvioinnista, emmek\u00e4 takaa emmek\u00e4 ole vastuussa mist\u00e4\u00e4n kolmannen osapuolen materiaalista tai verkkosivustosta tai muista kolmansien osapuolten materiaaleista, tuotteista tai palveluista.<\/p><p>Emme ole vastuussa mist\u00e4\u00e4n haitoista tai vahingoista, jotka liittyv\u00e4t tavaroiden, palveluiden, resurssien, sis\u00e4ll\u00f6n ostamiseen tai k\u00e4ytt\u00f6\u00f6n tai muihin kolmansien osapuolten verkkosivustoihin liittyviin tapahtumiin. Tutustu huolellisesti kolmannen osapuolen k\u00e4yt\u00e4nt\u00f6ihin ja k\u00e4yt\u00e4nt\u00f6ihin ja varmista, ett\u00e4 ymm\u00e4rr\u00e4t ne ennen kuin teet mit\u00e4\u00e4n tapahtumaa. Kolmannen osapuolen tuotteita koskevat valitukset, vaatimukset, huolenaiheet tai kysymykset tulee osoittaa kolmannelle osapuolelle.<\/p><p>\u2013 K\u00c4YTT\u00c4JIEN KOMMENTIT, PALAUTE JA MUUT L\u00c4HETYKSET<\/p><p>Jos l\u00e4het\u00e4t pyynn\u00f6st\u00e4mme tiettyj\u00e4 ehdotuksia (esimerkiksi kilpailuty\u00f6t) tai ilman pyynt\u00f6\u00e4mme, l\u00e4het\u00e4t luovia ideoita, ehdotuksia, ehdotuksia, suunnitelmia tai muuta materiaalia joko verkossa, s\u00e4hk\u00f6postitse, postitse,<\/p><p>tai muuten (yhteisesti &quot;kommentit&quot;), hyv\u00e4ksyt, ett\u00e4 voimme milloin tahansa rajoituksetta muokata, kopioida, julkaista, jakaa, k\u00e4\u00e4nt\u00e4\u00e4 ja muuten k\u00e4ytt\u00e4\u00e4 miss\u00e4 tahansa v\u00e4lineess\u00e4 meille v\u00e4litt\u00e4mi\u00e4si kommentteja. Meill\u00e4 ei ole eik\u00e4 tule olemaan velvollisuutta (1) s\u00e4ilytt\u00e4\u00e4 kommentteja luottamuksellisina; (2) maksaa korvausta kommenteista; tai (3) vastata kommentteihin.<\/p><p>Voimme, mutta meill\u00e4 ei ole velvollisuutta, tarkkailla, muokata tai poistaa sis\u00e4lt\u00f6\u00e4, jonka katsomme oman harkintamme mukaan olevan laitonta, loukkaavaa, uhkaavaa, herjaavaa, herjaavaa, pornografista, s\u00e4\u00e4dyt\u00f6nt\u00e4 tai muuten sopimatonta tai loukkaa mink\u00e4 tahansa osapuolen immateriaalioikeuksia tai n\u00e4it\u00e4 k\u00e4ytt\u00f6ehtoja. .<\/p><p>Hyv\u00e4ksyt, ett\u00e4 kommenttisi eiv\u00e4t loukkaa mink\u00e4\u00e4n kolmannen osapuolen oikeuksia, mukaan lukien tekij\u00e4noikeus, tavaramerkki, yksityisyys, henkil\u00f6llisyys tai muu henkil\u00f6kohtainen tai omistusoikeus. Hyv\u00e4ksyt lis\u00e4ksi, ett\u00e4 kommenttisi eiv\u00e4t sis\u00e4ll\u00e4 herjaavaa tai muuten laitonta, loukkaavaa tai s\u00e4\u00e4dyt\u00f6nt\u00e4 materiaalia tai tietokoneviruksia tai muita haittaohjelmia, jotka voisivat mill\u00e4\u00e4n tavalla vaikuttaa Palvelun tai siihen liittyvien verkkosivustojen toimintaan. Et saa k\u00e4ytt\u00e4\u00e4 v\u00e4\u00e4r\u00e4\u00e4 s\u00e4hk\u00f6postiosoitetta, teeskennell\u00e4 olevasi joku muu kuin itsesi tai muuten johtaa meit\u00e4 tai kolmansia osapuolia harhaan mink\u00e4\u00e4n kommenttien alkuper\u00e4n suhteen. Olet yksin vastuussa kaikista kommenteistasi ja niiden oikeellisuudesta. Emme ota vastuuta mist\u00e4\u00e4n sinun tai kolmannen osapuolen l\u00e4hett\u00e4mist\u00e4 kommenteista.<\/p><p>- HENKIL\u00d6KOHTAISIA TIETOJA<\/p><p>Henkil\u00f6tietojesi l\u00e4hett\u00e4mist\u00e4 kaupan kautta s\u00e4\u00e4telee tietosuojak\u00e4yt\u00e4nt\u00f6mme. Voit tarkastella tietosuojak\u00e4yt\u00e4nt\u00f6\u00e4mme.<\/p><p>\u2013 VIRHEET, EP\u00c4TARKKUUKSET JA PUUTTEET<\/p><p>Toisinaan sivustollamme tai Palvelussa voi olla tietoja, jotka sis\u00e4lt\u00e4v\u00e4t typografisia virheit\u00e4, ep\u00e4tarkkuuksia tai puutteita, jotka voivat liitty\u00e4 tuotekuvauksiin, hinnoitteluun, kampanjoihin, tarjouksiin, tuotteiden toimituskuluihin, kuljetusaikoihin ja saatavuuteen. Varaamme oikeuden korjata mahdolliset virheet, ep\u00e4tarkkuudet tai puutteet sek\u00e4 muuttaa tai p\u00e4ivitt\u00e4\u00e4 tietoja tai peruuttaa tilauksia, jos jokin Palvelussa tai siihen liittyv\u00e4ll\u00e4 verkkosivustolla oleva tieto on ep\u00e4tarkka milloin tahansa ilman ennakkoilmoitusta (mukaan lukien tilauksen l\u00e4hett\u00e4misen j\u00e4lkeen). .<\/p><p>Emme sitoudu p\u00e4ivitt\u00e4m\u00e4\u00e4n, muuttamaan tai selvent\u00e4m\u00e4\u00e4n Palvelussa tai mill\u00e4\u00e4n siihen liittyv\u00e4ll\u00e4 verkkosivustolla olevia tietoja, mukaan lukien rajoituksetta hintatiedot, paitsi lain edellytt\u00e4m\u00e4ll\u00e4 tavalla. Mit\u00e4\u00e4n m\u00e4\u00e4ritetty\u00e4 p\u00e4ivitys- tai p\u00e4ivitysp\u00e4iv\u00e4m\u00e4\u00e4r\u00e4\u00e4 Palvelussa tai mill\u00e4\u00e4n siihen liittyv\u00e4ll\u00e4 verkkosivustolla ei pit\u00e4isi katsoa osoittavan, ett\u00e4 kaikkia Palvelun tai siihen liittyvien verkkosivustojen tietoja on muutettu tai p\u00e4ivitetty.<\/p><p>\u2013 KIELLETTY K\u00c4YTT\u00d6<\/p><p>Muiden palveluehdoissa m\u00e4\u00e4riteltyjen kieltojen lis\u00e4ksi sinulla on kielletty\u00e4 k\u00e4ytt\u00e4\u00e4 sivustoa tai sen sis\u00e4lt\u00f6\u00e4: (a) mihin tahansa laittomaan tarkoitukseen; (b) pyyt\u00e4\u00e4 muita suorittamaan laittomia toimia tai osallistumaan niihin; (c) rikkoa kansainv\u00e4lisi\u00e4, liittovaltion, provinssin tai osavaltion m\u00e4\u00e4r\u00e4yksi\u00e4, s\u00e4\u00e4nt\u00f6j\u00e4, lakeja tai paikallisia m\u00e4\u00e4r\u00e4yksi\u00e4; (d) loukata tai loukata meid\u00e4n immateriaalioikeuksiamme tai muiden immateriaalioikeuksia; (e) h\u00e4irit\u00e4, pahoinpidell\u00e4, loukata, vahingoittaa, herjata, panetella, v\u00e4heksy\u00e4, uhkailla tai syrji\u00e4 sukupuolen, seksuaalisen suuntautumisen, uskonnon, etnisen taustan, rodun, i\u00e4n, kansallisen alkuper\u00e4n tai vamman perusteella; f) antaa v\u00e4\u00e4ri\u00e4 tai harhaanjohtavia tietoja; (g) ladata tai l\u00e4hett\u00e4\u00e4 viruksia tai mink\u00e4 tahansa muun tyyppist\u00e4 haitallista koodia, jota k\u00e4ytet\u00e4\u00e4n tai voidaan k\u00e4ytt\u00e4\u00e4 mill\u00e4\u00e4n tavalla, joka vaikuttaa Palvelun tai siihen liittyvien verkkosivustojen, muiden verkkosivustojen tai Internetin toimivuuteen tai toimintaan; (h) ker\u00e4t\u00e4 tai seurata muiden henkil\u00f6kohtaisia tietoja; (i) roskapostin, tietojenkalastelun, pharm-, tekosyyn, h\u00e4m\u00e4h\u00e4kkien, indeksoinnin tai kaapimisen l\u00e4hett\u00e4miseen; (j) mihin tahansa s\u00e4\u00e4dytt\u00f6m\u00e4\u00e4n tai moraalittomaan tarkoitukseen; tai (k) h\u00e4irit\u00e4 tai kiert\u00e4\u00e4 Palvelun tai mink\u00e4 tahansa siihen liittyv\u00e4n verkkosivuston, muiden verkkosivustojen tai Internetin suojausominaisuuksia. Pid\u00e4t\u00e4mme oikeuden lopettaa Palvelun tai mink\u00e4 tahansa siihen liittyv\u00e4n verkkosivuston k\u00e4ytt\u00f6si, jos rikot jotakin kielletty\u00e4 k\u00e4ytt\u00f6\u00e4.<\/p><p>\u2013 VASTUUVAPAUSLAUSEKE TAKUISTA; VASTUUN RAJOITUS<\/p><p>Emme takaa, edusta tai takaa, ett\u00e4 palvelumme k\u00e4ytt\u00f6 on keskeytykset\u00f6nt\u00e4, oikea-aikaista, turvallista tai virheet\u00f6nt\u00e4.<\/p><p>Emme takaa, ett\u00e4 palvelun k\u00e4yt\u00f6st\u00e4 saatavat tulokset ovat tarkkoja tai luotettavia.<\/p><p>Hyv\u00e4ksyt, ett\u00e4 voimme ajoittain poistaa palvelun m\u00e4\u00e4r\u00e4\u00e4m\u00e4tt\u00f6m\u00e4ksi ajaksi tai peruuttaa palvelun milloin tahansa ilman erillist\u00e4 ilmoitusta.<\/p><p>Kaikki tehdyt tilaukset ovat lopullisia ja aitoja. Lis\u00e4tietoja l\u00f6ytyy t\u00e4\u00e4lt\u00e4.<\/p><p>Hyv\u00e4ksyt nimenomaisesti, ett\u00e4 palvelun k\u00e4ytt\u00f6 tai kyvytt\u00f6myys k\u00e4ytt\u00e4\u00e4 palvelua on omalla vastuullasi. Palvelu ja kaikki sinulle palvelun kautta toimitetut tuotteet ja palvelut tarjotaan (paitsi toisin kuin me nimenomaisesti ilmoitamme) &quot;sellaisenaan&quot; ja &quot;saatavillasi&quot; k\u00e4ytt\u00f6\u00f6si ilman mink\u00e4\u00e4nlaista vakuutusta, takuita tai ehtoja, joko nimenomaisia tai oletettuja, mukaan lukien kaikki oletetut takuut tai ehdot kaupallisuudesta, kaupallisesta laadusta, sopivuudesta tiettyyn tarkoitukseen, kest\u00e4vyyteen, omistukseen ja loukkaamattomuuteen.<\/p><p>SnDoll, johtajamme, virkailijamme, ty\u00f6ntekij\u00e4mme, tyt\u00e4ryhti\u00f6mme, agenttimme, urakoitsijamme, harjoittelijamme, toimittajamme, palveluntarjoajamme tai lisenssinantajamme eiv\u00e4t ole miss\u00e4\u00e4n tapauksessa vastuussa mist\u00e4\u00e4n vahingosta, menetyksest\u00e4, vaateesta tai mist\u00e4\u00e4n suorista, ep\u00e4suorista, satunnaisista, rankaisevista, erityisist\u00e4 tai kaikenlaiset v\u00e4lilliset vahingot, mukaan lukien rajoituksetta menetetyt voitot, menetetyt tulot, menetetyt s\u00e4\u00e4st\u00f6t, tietojen menetys, vaihtokustannukset tai muut vastaavat vahingot, jotka johtuvat sopimuksesta, vahingonkorvausoikeudesta (mukaan lukien huolimattomuudesta), ankarasta vastuusta tai muusta, jotka johtuvat mink\u00e4 tahansa palvelun tai palvelun avulla hankittujen tuotteiden k\u00e4ytt\u00f6 tai mik\u00e4 tahansa muu palvelun tai tuotteen k\u00e4ytt\u00f6\u00f6n mill\u00e4\u00e4n tavalla liittyv\u00e4 vaatimus, mukaan lukien, mutta ei rajoittuen, virheet tai puutteet miss\u00e4 tahansa sis\u00e4ll\u00f6ss\u00e4 tai mink\u00e4\u00e4nlaista menetyst\u00e4 tai vahinkoa, joka on aiheutunut palvelun tai palvelun kautta l\u00e4hetetyn, v\u00e4litetyn tai muuten saataville asetetun sis\u00e4ll\u00f6n (tai tuotteen) k\u00e4yt\u00f6st\u00e4, vaikka niiden mahdollisuudesta olisi ilmoitettu. Koska jotkin osavaltiot tai laink\u00e4ytt\u00f6alueet eiv\u00e4t salli v\u00e4lillisten tai satunnaisten vahinkojen vastuun poissulkemista tai rajoittamista t\u00e4llaisissa osavaltioissa tai laink\u00e4ytt\u00f6alueilla, vastuumme rajoitetaan lain sallimaan enimm\u00e4ism\u00e4\u00e4r\u00e4\u00e4n.<\/p><p>\u2013 KORVAUS<\/p><p>Sitoudut korvaamaan, puolustamaan ja pit\u00e4m\u00e4\u00e4n SnDollia ja emoyhti\u00f6\u00e4mme, tyt\u00e4ryhti\u00f6it\u00e4mme, tyt\u00e4ryhti\u00f6it\u00e4mme, kumppaneitamme, virkamiehi\u00e4, johtajia, agentteja, urakoitsijoita, lisensoijia, palveluntarjoajia, alihankkijoita, tavarantoimittajia, harjoittelijoita ja ty\u00f6ntekij\u00f6it\u00e4 vapaina kaikilta vaatimuksilta tai vaatimuksilta, mukaan lukien kohtuulliset kolmannen osapuolen maksamat asianajopalkkiot, jotka johtuvat n\u00e4iden palveluehtojen tai niihin viitaten sis\u00e4ltyvien asiakirjojen rikkomisesta tai lain tai kolmannen osapuolen oikeuksien rikkomisesta.<\/p><p>\u2013 EROTETTAVUUS<\/p><p>Jos jokin n\u00e4iden Palveluehtojen ehto todetaan laittomaksi, mit\u00e4tt\u00f6m\u00e4ksi tai t\u00e4yt\u00e4nt\u00f6\u00f6npanokelvottomaksi, t\u00e4llainen m\u00e4\u00e4r\u00e4ys on kuitenkin t\u00e4yt\u00e4nt\u00f6\u00f6npanokelpoinen sovellettavan lain sallimassa laajuudessa, ja t\u00e4yt\u00e4nt\u00f6\u00f6npanokelvoton osa katsotaan erotetuksi n\u00e4ist\u00e4 ehdoista. Palvelussa, t\u00e4llainen p\u00e4\u00e4t\u00f6s ei vaikuta muiden j\u00e4ljell\u00e4 olevien ehtojen p\u00e4tevyyteen ja t\u00e4yt\u00e4nt\u00f6\u00f6npanokelpoisuuteen.<\/p><p>\u2013 P\u00c4\u00c4TTYMINEN<\/p><p>Ennen irtisanomisp\u00e4iv\u00e4\u00e4 syntyneet osapuolten velvoitteet ja vastuut s\u00e4ilyv\u00e4t t\u00e4m\u00e4n Sopimuksen irtisanomisen j\u00e4lkeen kaikissa tarkoituksissa.<\/p><p>N\u00e4m\u00e4 Palveluehdot ovat voimassa, ellet sin\u00e4 tai me ole irtisanonut niit\u00e4. Voit irtisanoa n\u00e4m\u00e4 k\u00e4ytt\u00f6ehdot milloin tahansa ilmoittamalla meille, ett\u00e4 et en\u00e4\u00e4 halua k\u00e4ytt\u00e4\u00e4 palveluitamme, tai kun lopetat sivustomme k\u00e4yt\u00f6n.<\/p><p>Jos et omasta mielest\u00e4mme tai ep\u00e4ilemme, ett\u00e4 olet laiminly\u00f6nyt n\u00e4iden palveluehtojen ehtojen tai ehtojen noudattamisen, voimme my\u00f6s irtisanoa t\u00e4m\u00e4n sopimuksen milloin tahansa ilman erillist\u00e4 ilmoitusta ja olet edelleen vastuussa kaikista er\u00e4\u00e4ntyneist\u00e4 summista. p\u00e4\u00e4ttymisp\u00e4iv\u00e4\u00e4n mukaan lukien; ja\/tai vastaavasti voi est\u00e4\u00e4 sinulta p\u00e4\u00e4syn Palveluihimme (tai mihin tahansa niiden osaan).<\/p><p>- KOKO SOPIMUS<\/p><p>Se, ett\u00e4 emme k\u00e4yt\u00e4 tai pane t\u00e4yt\u00e4nt\u00f6\u00f6n jotakin n\u00e4iden Palveluehtojen oikeutta tai m\u00e4\u00e4r\u00e4yst\u00e4, ei tarkoita luopumista kyseisest\u00e4 oikeudesta tai m\u00e4\u00e4r\u00e4yksest\u00e4.<\/p><p>N\u00e4m\u00e4 Palveluehdot ja kaikki t\u00e4lle sivustolle tai Palveluun julkaisemamme k\u00e4yt\u00e4nn\u00f6t tai toimintas\u00e4\u00e4nn\u00f6t muodostavat sinun ja meid\u00e4n v\u00e4lisen koko sopimuksen ja yhteisymm\u00e4rryksen, ja ne s\u00e4\u00e4telev\u00e4t palvelun k\u00e4ytt\u00f6\u00e4si ja korvaavat kaikki aikaisemmat tai samanaikaiset sopimukset, viestit ja ehdotukset. , joko suullisesti tai kirjallisesti, sinun ja meid\u00e4n v\u00e4lill\u00e4 (mukaan lukien, mutta ei rajoittuen, kaikki aiemmat k\u00e4ytt\u00f6ehtojen versiot).<\/p><p>Mahdollisia ep\u00e4selvyyksi\u00e4 n\u00e4iden k\u00e4ytt\u00f6ehtojen tulkinnassa ei voida tulkita laatijaa vastaan.<\/p><p>- SOVELLETTAVA LAINS\u00c4\u00c4D\u00c4NT\u00d6<\/p><p>N\u00e4it\u00e4 palveluehtoja ja kaikkia erillisi\u00e4 sopimuksia, joilla tarjoamme sinulle palveluita, s\u00e4\u00e4telev\u00e4t Hongkongin lait ja tulkitaan niiden mukaisesti.<\/p><p>\u2013 MUUTOKSET PALVELUEHTOIHIN<\/p><p>Voit tarkistaa k\u00e4ytt\u00f6ehtojen uusimman version milloin tahansa t\u00e4ll\u00e4 sivulla.<\/p><p>Pid\u00e4t\u00e4mme oikeuden oman harkintamme mukaan p\u00e4ivitt\u00e4\u00e4, muuttaa tai korvata mink\u00e4 tahansa osan n\u00e4ist\u00e4 palveluehdoista julkaisemalla p\u00e4ivityksi\u00e4 ja muutoksia verkkosivustollemme. On sinun vastuullasi tarkistaa verkkosivustomme s\u00e4\u00e4nn\u00f6llisesti muutosten varalta. Jos jatkat verkkosivustomme tai Palvelumme k\u00e4ytt\u00f6\u00e4 tai p\u00e4\u00e4sy\u00e4 niihin n\u00e4iden palveluehtojen muutosten l\u00e4hett\u00e4misen j\u00e4lkeen, hyv\u00e4ksyt n\u00e4m\u00e4 muutokset.<\/p><p>- YHTEYSTIEDOT<\/p><p>Palveluehtoja koskevat kysymykset tulee l\u00e4hett\u00e4\u00e4 meille osoitteeseen support@sndoll.com<\/p>\t\t\t\t\t\t<\/div>\n\t\t\t\t<\/div>\n\t\t\t\t\t<\/div>\n\t\t<\/div>\n\t\t\t\t\t\t\t<\/div>\n\t\t<\/section>\n\t\t\t\t\t\t\t<\/div>","protected":false},"excerpt":{"rendered":"<p>This website is operated by SnDoll. Throughout the site, the terms \u201cwe\u201d, \u201cus\u201d and \u201cour\u201d refer to SnDoll.\u00a0SnDoll offers this website, including all information, tools and services available from this site to you, the user,\u00a0conditioned upon your acceptance of all terms, conditions, policies and notices stated here. By visiting our site and\/ or purchasing something [&hellip;]<\/p>\n","protected":false},"author":1,"featured_media":0,"parent":0,"menu_order":0,"comment_status":"closed","ping_status":"closed","template":"","meta":{"footnotes":""},"class_list":["post-90210","page","type-page","status-publish","hentry"],"acf":[],"_links":{"self":[{"href":"https:\/\/sndoll.com\/fi\/wp-json\/wp\/v2\/pages\/90210","targetHints":{"allow":["GET"]}}],"collection":[{"href":"https:\/\/sndoll.com\/fi\/wp-json\/wp\/v2\/pages"}],"about":[{"href":"https:\/\/sndoll.com\/fi\/wp-json\/wp\/v2\/types\/page"}],"author":[{"embeddable":true,"href":"https:\/\/sndoll.com\/fi\/wp-json\/wp\/v2\/users\/1"}],"replies":[{"embeddable":true,"href":"https:\/\/sndoll.com\/fi\/wp-json\/wp\/v2\/comments?post=90210"}],"version-history":[{"count":1,"href":"https:\/\/sndoll.com\/fi\/wp-json\/wp\/v2\/pages\/90210\/revisions"}],"predecessor-version":[{"id":129734,"href":"https:\/\/sndoll.com\/fi\/wp-json\/wp\/v2\/pages\/90210\/revisions\/129734"}],"wp:attachment":[{"href":"https:\/\/sndoll.com\/fi\/wp-json\/wp\/v2\/media?parent=90210"}],"curies":[{"name":"wp","href":"https:\/\/api.w.org\/{rel}","templated":true}]}}