{"id":53875,"date":"2023-06-17T21:04:07","date_gmt":"2023-06-17T13:04:07","guid":{"rendered":"https:\/\/sndoll.com\/?post_type=product&#038;p=53875"},"modified":"2026-05-14T20:29:36","modified_gmt":"2026-05-14T12:29:36","slug":"male-with-life-size-sex-doll","status":"publish","type":"product","link":"https:\/\/sndoll.com\/es\/shop\/male-with-life-size-sex-doll\/","title":{"rendered":"Hombre con mu\u00f1eca sexual de tama\u00f1o natural - Fumiko"},"content":{"rendered":"<div class=\"productStoryTable\">\n<div class=\"story_product\">\n<h3><strong>Sobre ella<\/strong><\/h3>\n\t\t<div data-elementor-type=\"section\" data-elementor-id=\"17688\" class=\"elementor elementor-17688\" data-elementor-post-type=\"elementor_library\">\n\t\t\t\t\t\t\t\t<section class=\"elementor-section elementor-top-section elementor-element elementor-element-040fe64 elementor-section-boxed elementor-section-height-default elementor-section-height-default\" data-id=\"040fe64\" data-element_type=\"section\">\n\t\t\t\t\t\t<div class=\"elementor-container elementor-column-gap-default\">\n\t\t\t\t\t<div class=\"elementor-column elementor-col-100 elementor-top-column elementor-element elementor-element-6844e41\" data-id=\"6844e41\" data-element_type=\"column\">\n\t\t\t<div class=\"elementor-widget-wrap elementor-element-populated\">\n\t\t\t\t\t\t\t\t<div class=\"elementor-element elementor-element-8b6abfa elementor-widget elementor-widget-text-editor\" data-id=\"8b6abfa\" data-element_type=\"widget\" data-widget_type=\"text-editor.default\">\n\t\t\t\t<div class=\"elementor-widget-container\">\n\t\t\t<style>\/*! elementor - v3.16.0 - 13-09-2023 *\/\n.elementor-widget-text-editor.elementor-drop-cap-view-stacked .elementor-drop-cap{background-color:#69727d;color:#fff}.elementor-widget-text-editor.elementor-drop-cap-view-framed .elementor-drop-cap{color:#69727d;border:3px solid;background-color:transparent}.elementor-widget-text-editor:not(.elementor-drop-cap-view-default) .elementor-drop-cap{margin-top:8px}.elementor-widget-text-editor:not(.elementor-drop-cap-view-default) .elementor-drop-cap-letter{width:1em;height:1em}.elementor-widget-text-editor .elementor-drop-cap{float:left;text-align:center;line-height:1;font-size:50px}.elementor-widget-text-editor .elementor-drop-cap-letter{display:inline-block}<\/style>\t\t\t\t<p>For one, you have found the most qualified real sex doll supplier. We are doll experts from Hongkong, with over 7 years experience in trading sex dolls online. <a href=\"https:\/\/sndoll.com\/es\/\"><strong>sndoll<\/strong><\/a> is one of our top online stores, and it is a place where you can find more than 4000 sex dolls, be it TPE, silicone, <a href=\"https:\/\/sndoll.com\/es\/categoria-producto\/curvy-sex-doll\/\"><strong>Curvy busty sex dolls<\/strong><\/a>, etc. All dolls manufactured by famous brand are high quality and are very realistic.<\/p>\t\t\t\t\t\t<\/div>\n\t\t\t\t<\/div>\n\t\t\t\t<div class=\"elementor-element elementor-element-da6d00a elementor-icon-list--layout-traditional elementor-list-item-link-full_width elementor-widget elementor-widget-icon-list\" data-id=\"da6d00a\" data-element_type=\"widget\" data-widget_type=\"icon-list.default\">\n\t\t\t\t<div class=\"elementor-widget-container\">\n\t\t\t<link rel=\"stylesheet\" href=\"https:\/\/sndoll.com\/wp-content\/plugins\/elementor\/assets\/css\/widget-icon-list.min.css\">\t\t<ul class=\"elementor-icon-list-items\">\n\t\t\t\t\t\t\t<li class=\"elementor-icon-list-item\">\n\t\t\t\t\t\t\t\t\t\t\t<span class=\"elementor-icon-list-icon\">\n\t\t\t\t\t\t\t<i aria-hidden=\"true\" class=\"far fa-check-circle\"><\/i>\t\t\t\t\t\t<\/span>\n\t\t\t\t\t\t\t\t\t\t<span class=\"elementor-icon-list-text\">100% Mu\u00f1ecas sexuales aut\u00e9nticas, certificadas y originales fabricadas en f\u00e1brica<\/span>\n\t\t\t\t\t\t\t\t\t<\/li>\n\t\t\t\t\t\t\t\t<li class=\"elementor-icon-list-item\">\n\t\t\t\t\t\t\t\t\t\t\t<span class=\"elementor-icon-list-icon\">\n\t\t\t\t\t\t\t<i aria-hidden=\"true\" class=\"far fa-check-circle\"><\/i>\t\t\t\t\t\t<\/span>\n\t\t\t\t\t\t\t\t\t\t<span class=\"elementor-icon-list-text\">Pago seguro con sitio web encriptado SSL<\/span>\n\t\t\t\t\t\t\t\t\t<\/li>\n\t\t\t\t\t\t\t\t<li class=\"elementor-icon-list-item\">\n\t\t\t\t\t\t\t\t\t\t\t<span class=\"elementor-icon-list-icon\">\n\t\t\t\t\t\t\t<i aria-hidden=\"true\" class=\"far fa-check-circle\"><\/i>\t\t\t\t\t\t<\/span>\n\t\t\t\t\t\t\t\t\t\t<span class=\"elementor-icon-list-text\">Colecci\u00f3n masiva de mu\u00f1ecas sexuales: m\u00e1s de 4000 mu\u00f1ecas<\/span>\n\t\t\t\t\t\t\t\t\t<\/li>\n\t\t\t\t\t\t\t\t<li class=\"elementor-icon-list-item\">\n\t\t\t\t\t\t\t\t\t\t\t<span class=\"elementor-icon-list-icon\">\n\t\t\t\t\t\t\t<i aria-hidden=\"true\" class=\"far fa-check-circle\"><\/i>\t\t\t\t\t\t<\/span>\n\t\t\t\t\t\t\t\t\t\t<span class=\"elementor-icon-list-text\">Garant\u00eda de satisfacci\u00f3n del comprador 100% <\/span>\n\t\t\t\t\t\t\t\t\t<\/li>\n\t\t\t\t\t\t\t\t<li class=\"elementor-icon-list-item\">\n\t\t\t\t\t\t\t\t\t\t\t<span class=\"elementor-icon-list-icon\">\n\t\t\t\t\t\t\t<i aria-hidden=\"true\" class=\"far fa-check-circle\"><\/i>\t\t\t\t\t\t<\/span>\n\t\t\t\t\t\t\t\t\t\t<span class=\"elementor-icon-list-text\">Mejor precio garantizado y precio igualado<\/span>\n\t\t\t\t\t\t\t\t\t<\/li>\n\t\t\t\t\t\t\t\t<li class=\"elementor-icon-list-item\">\n\t\t\t\t\t\t\t\t\t\t\t<span class=\"elementor-icon-list-icon\">\n\t\t\t\t\t\t\t<i aria-hidden=\"true\" class=\"far fa-check-circle\"><\/i>\t\t\t\t\t\t<\/span>\n\t\t\t\t\t\t\t\t\t\t<span class=\"elementor-icon-list-text\">Env\u00edo gratuito y embalaje discreto<\/span>\n\t\t\t\t\t\t\t\t\t<\/li>\n\t\t\t\t\t\t\t\t<li class=\"elementor-icon-list-item\">\n\t\t\t\t\t\t\t\t\t\t\t<span class=\"elementor-icon-list-icon\">\n\t\t\t\t\t\t\t<i aria-hidden=\"true\" class=\"far fa-check-circle\"><\/i>\t\t\t\t\t\t<\/span>\n\t\t\t\t\t\t\t\t\t\t<span class=\"elementor-icon-list-text\">Servicio al cliente 24x7<\/span>\n\t\t\t\t\t\t\t\t\t<\/li>\n\t\t\t\t\t\t<\/ul>\n\t\t\t\t<\/div>\n\t\t\t\t<\/div>\n\t\t\t\t<div class=\"elementor-element elementor-element-be8a859 elementor-widget elementor-widget-text-editor\" data-id=\"be8a859\" data-element_type=\"widget\" data-widget_type=\"text-editor.default\">\n\t\t\t\t<div class=\"elementor-widget-container\">\n\t\t\t\t\t\t\t<p>\u00bfTodav\u00eda tienes preguntas? cont\u00e1ctenos por correo electr\u00f3nico o visite nuestra p\u00e1gina de preguntas frecuentes<\/p>\t\t\t\t\t\t<\/div>\n\t\t\t\t<\/div>\n\t\t\t\t\t<\/div>\n\t\t<\/div>\n\t\t\t\t\t\t\t<\/div>\n\t\t<\/section>\n\t\t\t\t\t\t<\/div>\n\t\t\n<\/div>\n<div class=\"product_Table\">\n<h3><strong>Dimensiones<\/strong><\/h3>\n<table width=\"269\">\n<tbody>\n<tr>\n<td width=\"130\">Material<\/td>\n<td width=\"139\">TPE<\/td>\n<\/tr>\n<tr>\n<td>Altura<\/td>\n<td>158cm<\/td>\n<\/tr>\n<tr>\n<td>l\u00ednea de mama<\/td>\n<td>85cm<\/td>\n<\/tr>\n<tr>\n<td>l\u00ednea de la cintura<\/td>\n<td>53cm<\/td>\n<\/tr>\n<tr>\n<td>l\u00ednea de la cadera<\/td>\n<td>82cm<\/td>\n<\/tr>\n<tr>\n<td>Ancho de hombro<\/td>\n<td>37cm<\/td>\n<\/tr>\n<tr>\n<td>Longitud de las piernas<\/td>\n<td>75cm<\/td>\n<\/tr>\n<tr>\n<td>Largo del brazo<\/td>\n<td>58cm<\/td>\n<\/tr>\n<tr>\n<td>l\u00ednea del muslo<\/td>\n<td>43cm<\/td>\n<\/tr>\n<tr>\n<td>L\u00ednea de becerro<\/td>\n<td>27cm<\/td>\n<\/tr>\n<tr>\n<td>Tama\u00f1o de los pies<\/td>\n<td>21cm<\/td>\n<\/tr>\n<tr>\n<td>Peso neto<\/td>\n<td>35kg<\/td>\n<\/tr>\n<tr>\n<td>Profundidad bucal<\/td>\n<td>13cm<\/td>\n<\/tr>\n<tr>\n<td>Profundidad de la vagina<\/td>\n<td>18 cm<\/td>\n<\/tr>\n<tr>\n<td>Profundidad anal<\/td>\n<td>16cm<\/td>\n<\/tr>\n<\/tbody>\n<\/table>\n<\/div>\n<\/div>\n<h3><strong>Galer\u00eda de mu\u00f1ecas<\/strong><\/h3>\n<p><img decoding=\"async\" class=\"size-full wp-image-53919 alignleft lazyload\" data-src=\"https:\/\/sndoll.com\/wp-content\/smush-webp\/2023\/06\/sexdoll-clothing-x34c50.jpg.webp\" alt=\"\" width=\"600\" height=\"900\" data-srcset=\"https:\/\/sndoll.com\/wp-content\/smush-webp\/2023\/06\/sexdoll-clothing-x34c50.jpg.webp 600w, https:\/\/sndoll.com\/wp-content\/uploads\/2023\/06\/sexdoll-clothing-x34c50-200x300.jpg 200w, https:\/\/sndoll.com\/wp-content\/uploads\/2023\/06\/sexdoll-clothing-x34c50-8x12.jpg 8w\" data-sizes=\"auto\" src=\"data:image\/svg+xml;base64,PHN2ZyB3aWR0aD0iMSIgaGVpZ2h0PSIxIiB4bWxucz0iaHR0cDovL3d3dy53My5vcmcvMjAwMC9zdmciPjwvc3ZnPg==\" style=\"--smush-placeholder-width: 600px; --smush-placeholder-aspect-ratio: 600\/900;\" data-original-sizes=\"(max-width: 600px) 100vw, 600px\" \/> <img decoding=\"async\" class=\"size-full wp-image-53918 alignright lazyload\" data-src=\"https:\/\/sndoll.com\/wp-content\/smush-webp\/2023\/06\/sexdoll-clothing-x34c49.jpg.webp\" alt=\"\" width=\"600\" height=\"900\" data-srcset=\"https:\/\/sndoll.com\/wp-content\/smush-webp\/2023\/06\/sexdoll-clothing-x34c49.jpg.webp 600w, https:\/\/sndoll.com\/wp-content\/uploads\/2023\/06\/sexdoll-clothing-x34c49-200x300.jpg 200w, https:\/\/sndoll.com\/wp-content\/uploads\/2023\/06\/sexdoll-clothing-x34c49-8x12.jpg 8w\" data-sizes=\"auto\" src=\"data:image\/svg+xml;base64,PHN2ZyB3aWR0aD0iMSIgaGVpZ2h0PSIxIiB4bWxucz0iaHR0cDovL3d3dy53My5vcmcvMjAwMC9zdmciPjwvc3ZnPg==\" style=\"--smush-placeholder-width: 600px; --smush-placeholder-aspect-ratio: 600\/900;\" data-original-sizes=\"(max-width: 600px) 100vw, 600px\" \/> <img decoding=\"async\" class=\"size-full wp-image-53917 alignleft lazyload\" data-src=\"https:\/\/sndoll.com\/wp-content\/smush-webp\/2023\/06\/sexdoll-clothing-x34c48.jpg.webp\" alt=\"\" width=\"600\" height=\"900\" data-srcset=\"https:\/\/sndoll.com\/wp-content\/smush-webp\/2023\/06\/sexdoll-clothing-x34c48.jpg.webp 600w, https:\/\/sndoll.com\/wp-content\/uploads\/2023\/06\/sexdoll-clothing-x34c48-200x300.jpg 200w, https:\/\/sndoll.com\/wp-content\/uploads\/2023\/06\/sexdoll-clothing-x34c48-8x12.jpg 8w\" data-sizes=\"auto\" src=\"data:image\/svg+xml;base64,PHN2ZyB3aWR0aD0iMSIgaGVpZ2h0PSIxIiB4bWxucz0iaHR0cDovL3d3dy53My5vcmcvMjAwMC9zdmciPjwvc3ZnPg==\" style=\"--smush-placeholder-width: 600px; --smush-placeholder-aspect-ratio: 600\/900;\" data-original-sizes=\"(max-width: 600px) 100vw, 600px\" \/> <img decoding=\"async\" class=\"size-full wp-image-53916 alignright lazyload\" data-src=\"https:\/\/sndoll.com\/wp-content\/smush-webp\/2023\/06\/sexdoll-clothing-x34c47.jpg.webp\" alt=\"\" width=\"600\" height=\"900\" data-srcset=\"https:\/\/sndoll.com\/wp-content\/smush-webp\/2023\/06\/sexdoll-clothing-x34c47.jpg.webp 600w, https:\/\/sndoll.com\/wp-content\/uploads\/2023\/06\/sexdoll-clothing-x34c47-200x300.jpg 200w, https:\/\/sndoll.com\/wp-content\/uploads\/2023\/06\/sexdoll-clothing-x34c47-8x12.jpg 8w\" data-sizes=\"auto\" src=\"data:image\/svg+xml;base64,PHN2ZyB3aWR0aD0iMSIgaGVpZ2h0PSIxIiB4bWxucz0iaHR0cDovL3d3dy53My5vcmcvMjAwMC9zdmciPjwvc3ZnPg==\" style=\"--smush-placeholder-width: 600px; --smush-placeholder-aspect-ratio: 600\/900;\" data-original-sizes=\"(max-width: 600px) 100vw, 600px\" \/> <img decoding=\"async\" class=\"size-full wp-image-53915 alignleft lazyload\" data-src=\"https:\/\/sndoll.com\/wp-content\/smush-webp\/2023\/06\/sexdoll-clothing-x34c46.jpg.webp\" alt=\"\" width=\"600\" height=\"900\" data-srcset=\"https:\/\/sndoll.com\/wp-content\/smush-webp\/2023\/06\/sexdoll-clothing-x34c46.jpg.webp 600w, https:\/\/sndoll.com\/wp-content\/uploads\/2023\/06\/sexdoll-clothing-x34c46-200x300.jpg 200w, https:\/\/sndoll.com\/wp-content\/uploads\/2023\/06\/sexdoll-clothing-x34c46-8x12.jpg 8w\" data-sizes=\"auto\" src=\"data:image\/svg+xml;base64,PHN2ZyB3aWR0aD0iMSIgaGVpZ2h0PSIxIiB4bWxucz0iaHR0cDovL3d3dy53My5vcmcvMjAwMC9zdmciPjwvc3ZnPg==\" style=\"--smush-placeholder-width: 600px; --smush-placeholder-aspect-ratio: 600\/900;\" data-original-sizes=\"(max-width: 600px) 100vw, 600px\" \/> <img decoding=\"async\" class=\"size-full wp-image-53914 alignright lazyload\" data-src=\"https:\/\/sndoll.com\/wp-content\/smush-webp\/2023\/06\/sexdoll-clothing-x34c45.jpg.webp\" alt=\"\" width=\"600\" height=\"900\" data-srcset=\"https:\/\/sndoll.com\/wp-content\/smush-webp\/2023\/06\/sexdoll-clothing-x34c45.jpg.webp 600w, https:\/\/sndoll.com\/wp-content\/uploads\/2023\/06\/sexdoll-clothing-x34c45-200x300.jpg 200w, https:\/\/sndoll.com\/wp-content\/uploads\/2023\/06\/sexdoll-clothing-x34c45-8x12.jpg 8w\" data-sizes=\"auto\" src=\"data:image\/svg+xml;base64,PHN2ZyB3aWR0aD0iMSIgaGVpZ2h0PSIxIiB4bWxucz0iaHR0cDovL3d3dy53My5vcmcvMjAwMC9zdmciPjwvc3ZnPg==\" style=\"--smush-placeholder-width: 600px; --smush-placeholder-aspect-ratio: 600\/900;\" data-original-sizes=\"(max-width: 600px) 100vw, 600px\" \/> <img decoding=\"async\" class=\"size-full wp-image-53913 alignleft lazyload\" data-src=\"https:\/\/sndoll.com\/wp-content\/smush-webp\/2023\/06\/sexdoll-clothing-x34c44.jpg.webp\" alt=\"\" width=\"600\" height=\"900\" data-srcset=\"https:\/\/sndoll.com\/wp-content\/smush-webp\/2023\/06\/sexdoll-clothing-x34c44.jpg.webp 600w, https:\/\/sndoll.com\/wp-content\/uploads\/2023\/06\/sexdoll-clothing-x34c44-200x300.jpg 200w, https:\/\/sndoll.com\/wp-content\/uploads\/2023\/06\/sexdoll-clothing-x34c44-8x12.jpg 8w\" data-sizes=\"auto\" src=\"data:image\/svg+xml;base64,PHN2ZyB3aWR0aD0iMSIgaGVpZ2h0PSIxIiB4bWxucz0iaHR0cDovL3d3dy53My5vcmcvMjAwMC9zdmciPjwvc3ZnPg==\" style=\"--smush-placeholder-width: 600px; --smush-placeholder-aspect-ratio: 600\/900;\" data-original-sizes=\"(max-width: 600px) 100vw, 600px\" \/> <img decoding=\"async\" class=\"size-full wp-image-53912 alignright lazyload\" data-src=\"https:\/\/sndoll.com\/wp-content\/smush-webp\/2023\/06\/sexdoll-clothing-x34c43.jpg.webp\" alt=\"\" width=\"615\" height=\"900\" data-srcset=\"https:\/\/sndoll.com\/wp-content\/smush-webp\/2023\/06\/sexdoll-clothing-x34c43.jpg.webp 615w, https:\/\/sndoll.com\/wp-content\/uploads\/2023\/06\/sexdoll-clothing-x34c43-205x300.jpg 205w, https:\/\/sndoll.com\/wp-content\/uploads\/2023\/06\/sexdoll-clothing-x34c43-8x12.jpg 8w, https:\/\/sndoll.com\/wp-content\/uploads\/2023\/06\/sexdoll-clothing-x34c43-600x878.jpg 600w\" data-sizes=\"auto\" src=\"data:image\/svg+xml;base64,PHN2ZyB3aWR0aD0iMSIgaGVpZ2h0PSIxIiB4bWxucz0iaHR0cDovL3d3dy53My5vcmcvMjAwMC9zdmciPjwvc3ZnPg==\" style=\"--smush-placeholder-width: 615px; --smush-placeholder-aspect-ratio: 615\/900;\" data-original-sizes=\"(max-width: 615px) 100vw, 615px\" \/> <img decoding=\"async\" class=\"size-full wp-image-53906 alignleft lazyload\" data-src=\"https:\/\/sndoll.com\/wp-content\/smush-webp\/2023\/06\/sexdoll-clothing-x34c19.jpg.webp\" alt=\"\" width=\"600\" height=\"900\" data-srcset=\"https:\/\/sndoll.com\/wp-content\/smush-webp\/2023\/06\/sexdoll-clothing-x34c19.jpg.webp 600w, https:\/\/sndoll.com\/wp-content\/smush-webp\/2023\/06\/sexdoll-clothing-x34c19-200x300.jpg.webp 200w, https:\/\/sndoll.com\/wp-content\/uploads\/2023\/06\/sexdoll-clothing-x34c19-8x12.jpg 8w\" data-sizes=\"auto\" src=\"data:image\/svg+xml;base64,PHN2ZyB3aWR0aD0iMSIgaGVpZ2h0PSIxIiB4bWxucz0iaHR0cDovL3d3dy53My5vcmcvMjAwMC9zdmciPjwvc3ZnPg==\" style=\"--smush-placeholder-width: 600px; --smush-placeholder-aspect-ratio: 600\/900;\" data-original-sizes=\"(max-width: 600px) 100vw, 600px\" \/> <img decoding=\"async\" class=\"size-full wp-image-53911 alignright lazyload\" data-src=\"https:\/\/sndoll.com\/wp-content\/smush-webp\/2023\/06\/sexdoll-clothing-x34c42.jpg.webp\" alt=\"\" width=\"600\" height=\"900\" data-srcset=\"https:\/\/sndoll.com\/wp-content\/smush-webp\/2023\/06\/sexdoll-clothing-x34c42.jpg.webp 600w, https:\/\/sndoll.com\/wp-content\/uploads\/2023\/06\/sexdoll-clothing-x34c42-200x300.jpg 200w, https:\/\/sndoll.com\/wp-content\/uploads\/2023\/06\/sexdoll-clothing-x34c42-8x12.jpg 8w\" data-sizes=\"auto\" src=\"data:image\/svg+xml;base64,PHN2ZyB3aWR0aD0iMSIgaGVpZ2h0PSIxIiB4bWxucz0iaHR0cDovL3d3dy53My5vcmcvMjAwMC9zdmciPjwvc3ZnPg==\" style=\"--smush-placeholder-width: 600px; --smush-placeholder-aspect-ratio: 600\/900;\" data-original-sizes=\"(max-width: 600px) 100vw, 600px\" \/><\/p>","protected":false},"excerpt":{"rendered":"<p>About Her Dimensions Material TPE Height 158cm Breast Line 85cm Waist Line 53cm Hip Line 82cm Shoulder Width 37cm Leg Length 75cm Arm Length 58cm Thigh Line 43cm Calf Line 27cm Feet Size 21cm Net Weight 35kg Oral Depth 13cm Vagina Depth 18cm Anal Depth 16cm Doll Gallery<\/p>","protected":false},"featured_media":53926,"comment_status":"open","ping_status":"closed","template":"","meta":{"_acf_changed":false},"product_cat":[230,371,198,234,236,227],"product_tag":[],"class_list":{"0":"post-53875","1":"product","2":"type-product","3":"status-publish","4":"has-post-thumbnail","6":"product_brand-af-doll","7":"product_cat-150cm-159cm-sex-dolls","8":"product_cat-31kg-35kg","9":"product_cat-3d-love-dolls","10":"product_cat-big-boob-sex-doll","11":"product_cat-skinny-sex-doll","12":"product_cat-tpe-sex-dolls","13":"tm-has-options","15":"first","16":"instock","17":"sale","18":"shipping-taxable","19":"purchasable","20":"product-type-simple"},"acf":[],"_links":{"self":[{"href":"https:\/\/sndoll.com\/es\/wp-json\/wp\/v2\/product\/53875","targetHints":{"allow":["GET"]}}],"collection":[{"href":"https:\/\/sndoll.com\/es\/wp-json\/wp\/v2\/product"}],"about":[{"href":"https:\/\/sndoll.com\/es\/wp-json\/wp\/v2\/types\/product"}],"replies":[{"embeddable":true,"href":"https:\/\/sndoll.com\/es\/wp-json\/wp\/v2\/comments?post=53875"}],"version-history":[{"count":1,"href":"https:\/\/sndoll.com\/es\/wp-json\/wp\/v2\/product\/53875\/revisions"}],"predecessor-version":[{"id":131298,"href":"https:\/\/sndoll.com\/es\/wp-json\/wp\/v2\/product\/53875\/revisions\/131298"}],"wp:featuredmedia":[{"embeddable":true,"href":"https:\/\/sndoll.com\/es\/wp-json\/wp\/v2\/media\/53926"}],"wp:attachment":[{"href":"https:\/\/sndoll.com\/es\/wp-json\/wp\/v2\/media?parent=53875"}],"wp:term":[{"taxonomy":"product_cat","embeddable":true,"href":"https:\/\/sndoll.com\/es\/wp-json\/wp\/v2\/product_cat?post=53875"},{"taxonomy":"product_tag","embeddable":true,"href":"https:\/\/sndoll.com\/es\/wp-json\/wp\/v2\/product_tag?post=53875"}],"curies":[{"name":"wp","href":"https:\/\/api.w.org\/{rel}","templated":true}]}}