{"id":82046,"date":"2023-07-04T00:35:09","date_gmt":"2023-07-03T16:35:09","guid":{"rendered":"https:\/\/sndoll.com\/?post_type=product&#038;p=82046"},"modified":"2026-05-14T20:31:19","modified_gmt":"2026-05-14T12:31:19","slug":"taboo-life-sized-sex-doll-for-sale","status":"publish","type":"product","link":"https:\/\/sndoll.com\/de\/shop\/taboo-life-sized-sex-doll-for-sale\/","title":{"rendered":"Tabu lebensgro\u00dfe Sexpuppe zum Verkauf \u2013 Rhody"},"content":{"rendered":"<div class=\"productStoryTable\">\n<div class=\"story_product\">\n<h3><strong>\u00dcber sie<\/strong><\/h3>\n\t\t<div data-elementor-type=\"section\" data-elementor-id=\"17688\" class=\"elementor elementor-17688\" data-elementor-post-type=\"elementor_library\">\n\t\t\t\t\t\t\t\t<section class=\"elementor-section elementor-top-section elementor-element elementor-element-040fe64 elementor-section-boxed elementor-section-height-default elementor-section-height-default\" data-id=\"040fe64\" data-element_type=\"section\">\n\t\t\t\t\t\t<div class=\"elementor-container elementor-column-gap-default\">\n\t\t\t\t\t<div class=\"elementor-column elementor-col-100 elementor-top-column elementor-element elementor-element-6844e41\" data-id=\"6844e41\" data-element_type=\"column\">\n\t\t\t<div class=\"elementor-widget-wrap elementor-element-populated\">\n\t\t\t\t\t\t\t\t<div class=\"elementor-element elementor-element-8b6abfa elementor-widget elementor-widget-text-editor\" data-id=\"8b6abfa\" data-element_type=\"widget\" data-widget_type=\"text-editor.default\">\n\t\t\t\t<div class=\"elementor-widget-container\">\n\t\t\t<style>\/*! elementor - v3.16.0 - 13-09-2023 *\/\n.elementor-widget-text-editor.elementor-drop-cap-view-stacked .elementor-drop-cap{background-color:#69727d;color:#fff}.elementor-widget-text-editor.elementor-drop-cap-view-framed .elementor-drop-cap{color:#69727d;border:3px solid;background-color:transparent}.elementor-widget-text-editor:not(.elementor-drop-cap-view-default) .elementor-drop-cap{margin-top:8px}.elementor-widget-text-editor:not(.elementor-drop-cap-view-default) .elementor-drop-cap-letter{width:1em;height:1em}.elementor-widget-text-editor .elementor-drop-cap{float:left;text-align:center;line-height:1;font-size:50px}.elementor-widget-text-editor .elementor-drop-cap-letter{display:inline-block}<\/style>\t\t\t\t<p>For one, you have found the most qualified real sex doll supplier. We are doll experts from Hongkong, with over 7 years experience in trading sex dolls online. <a href=\"https:\/\/sndoll.com\/de\/\"><strong>sndoll<\/strong><\/a> is one of our top online stores, and it is a place where you can find more than 4000 sex dolls, be it TPE, silicone, <a href=\"https:\/\/sndoll.com\/de\/produkt-kategorie\/curvy-sex-doll\/\"><strong>Curvy busty sex dolls<\/strong><\/a>, etc. All dolls manufactured by famous brand are high quality and are very realistic.<\/p>\t\t\t\t\t\t<\/div>\n\t\t\t\t<\/div>\n\t\t\t\t<div class=\"elementor-element elementor-element-da6d00a elementor-icon-list--layout-traditional elementor-list-item-link-full_width elementor-widget elementor-widget-icon-list\" data-id=\"da6d00a\" data-element_type=\"widget\" data-widget_type=\"icon-list.default\">\n\t\t\t\t<div class=\"elementor-widget-container\">\n\t\t\t<link rel=\"stylesheet\" href=\"https:\/\/sndoll.com\/wp-content\/plugins\/elementor\/assets\/css\/widget-icon-list.min.css\">\t\t<ul class=\"elementor-icon-list-items\">\n\t\t\t\t\t\t\t<li class=\"elementor-icon-list-item\">\n\t\t\t\t\t\t\t\t\t\t\t<span class=\"elementor-icon-list-icon\">\n\t\t\t\t\t\t\t<i aria-hidden=\"true\" class=\"far fa-check-circle\"><\/i>\t\t\t\t\t\t<\/span>\n\t\t\t\t\t\t\t\t\t\t<span class=\"elementor-icon-list-text\">100% Authentische, zertifizierte Original-Sexpuppen aus der Fabrik<\/span>\n\t\t\t\t\t\t\t\t\t<\/li>\n\t\t\t\t\t\t\t\t<li class=\"elementor-icon-list-item\">\n\t\t\t\t\t\t\t\t\t\t\t<span class=\"elementor-icon-list-icon\">\n\t\t\t\t\t\t\t<i aria-hidden=\"true\" class=\"far fa-check-circle\"><\/i>\t\t\t\t\t\t<\/span>\n\t\t\t\t\t\t\t\t\t\t<span class=\"elementor-icon-list-text\">Sichere Zahlung mit SSL-verschl\u00fcsselter Website<\/span>\n\t\t\t\t\t\t\t\t\t<\/li>\n\t\t\t\t\t\t\t\t<li class=\"elementor-icon-list-item\">\n\t\t\t\t\t\t\t\t\t\t\t<span class=\"elementor-icon-list-icon\">\n\t\t\t\t\t\t\t<i aria-hidden=\"true\" class=\"far fa-check-circle\"><\/i>\t\t\t\t\t\t<\/span>\n\t\t\t\t\t\t\t\t\t\t<span class=\"elementor-icon-list-text\">Riesige Sexpuppen-Sammlung \u2013 mehr als 4000 Puppen<\/span>\n\t\t\t\t\t\t\t\t\t<\/li>\n\t\t\t\t\t\t\t\t<li class=\"elementor-icon-list-item\">\n\t\t\t\t\t\t\t\t\t\t\t<span class=\"elementor-icon-list-icon\">\n\t\t\t\t\t\t\t<i aria-hidden=\"true\" class=\"far fa-check-circle\"><\/i>\t\t\t\t\t\t<\/span>\n\t\t\t\t\t\t\t\t\t\t<span class=\"elementor-icon-list-text\">100% K\u00e4uferzufriedenheitsgarantie <\/span>\n\t\t\t\t\t\t\t\t\t<\/li>\n\t\t\t\t\t\t\t\t<li class=\"elementor-icon-list-item\">\n\t\t\t\t\t\t\t\t\t\t\t<span class=\"elementor-icon-list-icon\">\n\t\t\t\t\t\t\t<i aria-hidden=\"true\" class=\"far fa-check-circle\"><\/i>\t\t\t\t\t\t<\/span>\n\t\t\t\t\t\t\t\t\t\t<span class=\"elementor-icon-list-text\">Bestpreisgarantie und Preisanpassung<\/span>\n\t\t\t\t\t\t\t\t\t<\/li>\n\t\t\t\t\t\t\t\t<li class=\"elementor-icon-list-item\">\n\t\t\t\t\t\t\t\t\t\t\t<span class=\"elementor-icon-list-icon\">\n\t\t\t\t\t\t\t<i aria-hidden=\"true\" class=\"far fa-check-circle\"><\/i>\t\t\t\t\t\t<\/span>\n\t\t\t\t\t\t\t\t\t\t<span class=\"elementor-icon-list-text\">Kostenloser Versand und diskrete Verpackung<\/span>\n\t\t\t\t\t\t\t\t\t<\/li>\n\t\t\t\t\t\t\t\t<li class=\"elementor-icon-list-item\">\n\t\t\t\t\t\t\t\t\t\t\t<span class=\"elementor-icon-list-icon\">\n\t\t\t\t\t\t\t<i aria-hidden=\"true\" class=\"far fa-check-circle\"><\/i>\t\t\t\t\t\t<\/span>\n\t\t\t\t\t\t\t\t\t\t<span class=\"elementor-icon-list-text\">Kundendienst rund um die Uhr<\/span>\n\t\t\t\t\t\t\t\t\t<\/li>\n\t\t\t\t\t\t<\/ul>\n\t\t\t\t<\/div>\n\t\t\t\t<\/div>\n\t\t\t\t<div class=\"elementor-element elementor-element-be8a859 elementor-widget elementor-widget-text-editor\" data-id=\"be8a859\" data-element_type=\"widget\" data-widget_type=\"text-editor.default\">\n\t\t\t\t<div class=\"elementor-widget-container\">\n\t\t\t\t\t\t\t<p>Sie haben noch Fragen? Kontaktieren Sie uns per E-Mail oder besuchen Sie unsere FAQ-Seite<\/p>\t\t\t\t\t\t<\/div>\n\t\t\t\t<\/div>\n\t\t\t\t\t<\/div>\n\t\t<\/div>\n\t\t\t\t\t\t\t<\/div>\n\t\t<\/section>\n\t\t\t\t\t\t<\/div>\n\t\t\n<\/div>\n<div class=\"product_Table\">\n<h3><strong>Ma\u00dfe<\/strong><\/h3>\n<table width=\"236\">\n<tbody>\n<tr>\n<td width=\"129\">Material<\/td>\n<td width=\"107\">TPE<\/td>\n<\/tr>\n<tr>\n<td>K\u00f6rpergr\u00f6\u00dfe<\/td>\n<td>151 cm C-K\u00f6rbchen<\/td>\n<\/tr>\n<tr>\n<td>Reingewicht<\/td>\n<td>30kg<\/td>\n<\/tr>\n<tr>\n<td>Volle B\u00fcste<\/td>\n<td>73cm<\/td>\n<\/tr>\n<tr>\n<td>Unter Fehlschlag<\/td>\n<td>58cm<\/td>\n<\/tr>\n<tr>\n<td>Taille<\/td>\n<td>51cm<\/td>\n<\/tr>\n<tr>\n<td>H\u00fcfte<\/td>\n<td>85cm<\/td>\n<\/tr>\n<tr>\n<td>Fu\u00dfl\u00e4nge<\/td>\n<td>20 cm<\/td>\n<\/tr>\n<tr>\n<td>Schulter<\/td>\n<td>38cm<\/td>\n<\/tr>\n<tr>\n<td>Vagina-Tiefe<\/td>\n<td>18cm<\/td>\n<\/tr>\n<tr>\n<td>Anustiefe<\/td>\n<td>15cm<\/td>\n<\/tr>\n<tr>\n<td>M\u00fcndliche Tiefe<\/td>\n<td>12cm<\/td>\n<\/tr>\n<\/tbody>\n<\/table>\n<\/div>\n<\/div>\n<h3><strong>Puppengalerie<\/strong><\/h3>\n<p><img decoding=\"async\" class=\"size-full wp-image-82330 alignleft lazyload\" data-src=\"https:\/\/sndoll.com\/wp-content\/uploads\/2023\/07\/sex-dolls-cum-fghjn25.jpg\" alt=\"\" width=\"600\" height=\"900\" data-srcset=\"https:\/\/sndoll.com\/wp-content\/uploads\/2023\/07\/sex-dolls-cum-fghjn25.jpg 600w, https:\/\/sndoll.com\/wp-content\/uploads\/2023\/07\/sex-dolls-cum-fghjn25-200x300.jpg 200w, https:\/\/sndoll.com\/wp-content\/uploads\/2023\/07\/sex-dolls-cum-fghjn25-8x12.jpg 8w\" data-sizes=\"auto\" src=\"data:image\/svg+xml;base64,PHN2ZyB3aWR0aD0iMSIgaGVpZ2h0PSIxIiB4bWxucz0iaHR0cDovL3d3dy53My5vcmcvMjAwMC9zdmciPjwvc3ZnPg==\" style=\"--smush-placeholder-width: 600px; --smush-placeholder-aspect-ratio: 600\/900;\" data-original-sizes=\"(max-width: 600px) 100vw, 600px\" \/> <img decoding=\"async\" class=\"alignright size-full wp-image-82323 lazyload\" data-src=\"https:\/\/sndoll.com\/wp-content\/uploads\/2023\/07\/sex-dolls-cum-fghjn24.jpg\" alt=\"\" width=\"600\" height=\"900\" data-srcset=\"https:\/\/sndoll.com\/wp-content\/uploads\/2023\/07\/sex-dolls-cum-fghjn24.jpg 600w, https:\/\/sndoll.com\/wp-content\/uploads\/2023\/07\/sex-dolls-cum-fghjn24-200x300.jpg 200w, https:\/\/sndoll.com\/wp-content\/uploads\/2023\/07\/sex-dolls-cum-fghjn24-8x12.jpg 8w\" data-sizes=\"auto\" src=\"data:image\/svg+xml;base64,PHN2ZyB3aWR0aD0iMSIgaGVpZ2h0PSIxIiB4bWxucz0iaHR0cDovL3d3dy53My5vcmcvMjAwMC9zdmciPjwvc3ZnPg==\" style=\"--smush-placeholder-width: 600px; --smush-placeholder-aspect-ratio: 600\/900;\" data-original-sizes=\"(max-width: 600px) 100vw, 600px\" \/> <img decoding=\"async\" class=\"size-full wp-image-82318 alignleft lazyload\" data-src=\"https:\/\/sndoll.com\/wp-content\/uploads\/2023\/07\/sex-dolls-cum-fghjn23.jpg\" alt=\"\" width=\"600\" height=\"900\" data-srcset=\"https:\/\/sndoll.com\/wp-content\/uploads\/2023\/07\/sex-dolls-cum-fghjn23.jpg 600w, https:\/\/sndoll.com\/wp-content\/uploads\/2023\/07\/sex-dolls-cum-fghjn23-200x300.jpg 200w, https:\/\/sndoll.com\/wp-content\/uploads\/2023\/07\/sex-dolls-cum-fghjn23-8x12.jpg 8w\" data-sizes=\"auto\" src=\"data:image\/svg+xml;base64,PHN2ZyB3aWR0aD0iMSIgaGVpZ2h0PSIxIiB4bWxucz0iaHR0cDovL3d3dy53My5vcmcvMjAwMC9zdmciPjwvc3ZnPg==\" style=\"--smush-placeholder-width: 600px; --smush-placeholder-aspect-ratio: 600\/900;\" data-original-sizes=\"(max-width: 600px) 100vw, 600px\" \/> <img decoding=\"async\" class=\"alignright size-full wp-image-82310 lazyload\" data-src=\"https:\/\/sndoll.com\/wp-content\/uploads\/2023\/07\/sex-dolls-cum-fghjn22.jpg\" alt=\"\" width=\"600\" height=\"900\" data-srcset=\"https:\/\/sndoll.com\/wp-content\/uploads\/2023\/07\/sex-dolls-cum-fghjn22.jpg 600w, https:\/\/sndoll.com\/wp-content\/uploads\/2023\/07\/sex-dolls-cum-fghjn22-200x300.jpg 200w, https:\/\/sndoll.com\/wp-content\/uploads\/2023\/07\/sex-dolls-cum-fghjn22-8x12.jpg 8w\" data-sizes=\"auto\" src=\"data:image\/svg+xml;base64,PHN2ZyB3aWR0aD0iMSIgaGVpZ2h0PSIxIiB4bWxucz0iaHR0cDovL3d3dy53My5vcmcvMjAwMC9zdmciPjwvc3ZnPg==\" style=\"--smush-placeholder-width: 600px; --smush-placeholder-aspect-ratio: 600\/900;\" data-original-sizes=\"(max-width: 600px) 100vw, 600px\" \/> <img decoding=\"async\" class=\"size-full wp-image-82294 alignleft lazyload\" data-src=\"https:\/\/sndoll.com\/wp-content\/uploads\/2023\/07\/sex-dolls-cum-fghjn19.jpg\" alt=\"\" width=\"600\" height=\"900\" data-srcset=\"https:\/\/sndoll.com\/wp-content\/uploads\/2023\/07\/sex-dolls-cum-fghjn19.jpg 600w, https:\/\/sndoll.com\/wp-content\/uploads\/2023\/07\/sex-dolls-cum-fghjn19-200x300.jpg 200w, https:\/\/sndoll.com\/wp-content\/uploads\/2023\/07\/sex-dolls-cum-fghjn19-8x12.jpg 8w\" data-sizes=\"auto\" src=\"data:image\/svg+xml;base64,PHN2ZyB3aWR0aD0iMSIgaGVpZ2h0PSIxIiB4bWxucz0iaHR0cDovL3d3dy53My5vcmcvMjAwMC9zdmciPjwvc3ZnPg==\" style=\"--smush-placeholder-width: 600px; --smush-placeholder-aspect-ratio: 600\/900;\" data-original-sizes=\"(max-width: 600px) 100vw, 600px\" \/> <img decoding=\"async\" class=\"size-full wp-image-82288 alignright lazyload\" data-src=\"https:\/\/sndoll.com\/wp-content\/uploads\/2023\/07\/sex-dolls-cum-fghjn18.jpg\" alt=\"\" width=\"600\" height=\"900\" data-srcset=\"https:\/\/sndoll.com\/wp-content\/uploads\/2023\/07\/sex-dolls-cum-fghjn18.jpg 600w, https:\/\/sndoll.com\/wp-content\/uploads\/2023\/07\/sex-dolls-cum-fghjn18-200x300.jpg 200w, https:\/\/sndoll.com\/wp-content\/uploads\/2023\/07\/sex-dolls-cum-fghjn18-8x12.jpg 8w\" data-sizes=\"auto\" src=\"data:image\/svg+xml;base64,PHN2ZyB3aWR0aD0iMSIgaGVpZ2h0PSIxIiB4bWxucz0iaHR0cDovL3d3dy53My5vcmcvMjAwMC9zdmciPjwvc3ZnPg==\" style=\"--smush-placeholder-width: 600px; --smush-placeholder-aspect-ratio: 600\/900;\" data-original-sizes=\"(max-width: 600px) 100vw, 600px\" \/> <img decoding=\"async\" class=\"size-full wp-image-82282 alignleft lazyload\" data-src=\"https:\/\/sndoll.com\/wp-content\/uploads\/2023\/07\/sex-dolls-cum-fghjn17.jpg\" alt=\"\" width=\"600\" height=\"900\" data-srcset=\"https:\/\/sndoll.com\/wp-content\/uploads\/2023\/07\/sex-dolls-cum-fghjn17.jpg 600w, https:\/\/sndoll.com\/wp-content\/uploads\/2023\/07\/sex-dolls-cum-fghjn17-200x300.jpg 200w, https:\/\/sndoll.com\/wp-content\/uploads\/2023\/07\/sex-dolls-cum-fghjn17-8x12.jpg 8w\" data-sizes=\"auto\" src=\"data:image\/svg+xml;base64,PHN2ZyB3aWR0aD0iMSIgaGVpZ2h0PSIxIiB4bWxucz0iaHR0cDovL3d3dy53My5vcmcvMjAwMC9zdmciPjwvc3ZnPg==\" style=\"--smush-placeholder-width: 600px; --smush-placeholder-aspect-ratio: 600\/900;\" data-original-sizes=\"(max-width: 600px) 100vw, 600px\" \/> <img decoding=\"async\" class=\"wp-image-82276 alignright lazyload\" data-src=\"https:\/\/sndoll.com\/wp-content\/uploads\/2023\/07\/sex-dolls-cum-fghjn16.jpg\" alt=\"\" width=\"600\" height=\"864\" data-srcset=\"https:\/\/sndoll.com\/wp-content\/uploads\/2023\/07\/sex-dolls-cum-fghjn16.jpg 625w, https:\/\/sndoll.com\/wp-content\/uploads\/2023\/07\/sex-dolls-cum-fghjn16-208x300.jpg 208w, https:\/\/sndoll.com\/wp-content\/uploads\/2023\/07\/sex-dolls-cum-fghjn16-8x12.jpg 8w, https:\/\/sndoll.com\/wp-content\/uploads\/2023\/07\/sex-dolls-cum-fghjn16-600x864.jpg 600w\" data-sizes=\"auto\" src=\"data:image\/svg+xml;base64,PHN2ZyB3aWR0aD0iMSIgaGVpZ2h0PSIxIiB4bWxucz0iaHR0cDovL3d3dy53My5vcmcvMjAwMC9zdmciPjwvc3ZnPg==\" style=\"--smush-placeholder-width: 600px; --smush-placeholder-aspect-ratio: 600\/864;\" data-original-sizes=\"(max-width: 600px) 100vw, 600px\" \/> <img decoding=\"async\" class=\"size-full wp-image-82274 alignleft lazyload\" data-src=\"https:\/\/sndoll.com\/wp-content\/uploads\/2023\/07\/sex-dolls-cum-fghjn15.jpg\" alt=\"\" width=\"600\" height=\"900\" data-srcset=\"https:\/\/sndoll.com\/wp-content\/uploads\/2023\/07\/sex-dolls-cum-fghjn15.jpg 600w, https:\/\/sndoll.com\/wp-content\/uploads\/2023\/07\/sex-dolls-cum-fghjn15-200x300.jpg 200w, https:\/\/sndoll.com\/wp-content\/uploads\/2023\/07\/sex-dolls-cum-fghjn15-8x12.jpg 8w\" data-sizes=\"auto\" src=\"data:image\/svg+xml;base64,PHN2ZyB3aWR0aD0iMSIgaGVpZ2h0PSIxIiB4bWxucz0iaHR0cDovL3d3dy53My5vcmcvMjAwMC9zdmciPjwvc3ZnPg==\" style=\"--smush-placeholder-width: 600px; --smush-placeholder-aspect-ratio: 600\/900;\" data-original-sizes=\"(max-width: 600px) 100vw, 600px\" \/> <img decoding=\"async\" class=\"wp-image-82268 alignright lazyload\" data-src=\"https:\/\/sndoll.com\/wp-content\/uploads\/2023\/07\/sex-dolls-cum-fghjn14.jpg\" alt=\"\" width=\"600\" height=\"739\" data-srcset=\"https:\/\/sndoll.com\/wp-content\/uploads\/2023\/07\/sex-dolls-cum-fghjn14.jpg 731w, https:\/\/sndoll.com\/wp-content\/uploads\/2023\/07\/sex-dolls-cum-fghjn14-244x300.jpg 244w, https:\/\/sndoll.com\/wp-content\/uploads\/2023\/07\/sex-dolls-cum-fghjn14-10x12.jpg 10w, https:\/\/sndoll.com\/wp-content\/uploads\/2023\/07\/sex-dolls-cum-fghjn14-600x739.jpg 600w\" data-sizes=\"auto\" src=\"data:image\/svg+xml;base64,PHN2ZyB3aWR0aD0iMSIgaGVpZ2h0PSIxIiB4bWxucz0iaHR0cDovL3d3dy53My5vcmcvMjAwMC9zdmciPjwvc3ZnPg==\" style=\"--smush-placeholder-width: 600px; --smush-placeholder-aspect-ratio: 600\/739;\" data-original-sizes=\"(max-width: 600px) 100vw, 600px\" \/><\/p>","protected":false},"excerpt":{"rendered":"<p>About Her Dimensions Material TPE Body Size 151cm C cup Net Weight 30kg Full Bust 73cm Under Bust 58cm Waist 51cm Hip 85cm Foot Length 20cm Shoulder 38cm Vagina Depth 18cm Anus Depth 15cm Oral Depth 12cm Doll Gallery<\/p>","protected":false},"featured_media":82177,"comment_status":"open","ping_status":"closed","template":"","meta":{"_acf_changed":false},"product_cat":[230,370,249,395,236,227],"product_tag":[],"class_list":{"0":"post-82046","1":"product","2":"type-product","3":"status-publish","4":"has-post-thumbnail","6":"product_brand-yl-doll","7":"product_cat-150cm-159cm-sex-dolls","8":"product_cat-26kg-30kg","9":"product_cat-full-size-sex-doll","10":"product_cat-medium-breast-sex-doll","11":"product_cat-skinny-sex-doll","12":"product_cat-tpe-sex-dolls","13":"tm-has-options","15":"first","16":"instock","17":"sale","18":"shipping-taxable","19":"purchasable","20":"product-type-simple"},"acf":[],"_links":{"self":[{"href":"https:\/\/sndoll.com\/de\/wp-json\/wp\/v2\/product\/82046","targetHints":{"allow":["GET"]}}],"collection":[{"href":"https:\/\/sndoll.com\/de\/wp-json\/wp\/v2\/product"}],"about":[{"href":"https:\/\/sndoll.com\/de\/wp-json\/wp\/v2\/types\/product"}],"replies":[{"embeddable":true,"href":"https:\/\/sndoll.com\/de\/wp-json\/wp\/v2\/comments?post=82046"}],"version-history":[{"count":1,"href":"https:\/\/sndoll.com\/de\/wp-json\/wp\/v2\/product\/82046\/revisions"}],"predecessor-version":[{"id":132239,"href":"https:\/\/sndoll.com\/de\/wp-json\/wp\/v2\/product\/82046\/revisions\/132239"}],"wp:featuredmedia":[{"embeddable":true,"href":"https:\/\/sndoll.com\/de\/wp-json\/wp\/v2\/media\/82177"}],"wp:attachment":[{"href":"https:\/\/sndoll.com\/de\/wp-json\/wp\/v2\/media?parent=82046"}],"wp:term":[{"taxonomy":"product_cat","embeddable":true,"href":"https:\/\/sndoll.com\/de\/wp-json\/wp\/v2\/product_cat?post=82046"},{"taxonomy":"product_tag","embeddable":true,"href":"https:\/\/sndoll.com\/de\/wp-json\/wp\/v2\/product_tag?post=82046"}],"curies":[{"name":"wp","href":"https:\/\/api.w.org\/{rel}","templated":true}]}}